{"id":4653,"date":"2025-06-29T07:54:32","date_gmt":"2025-06-29T07:54:32","guid":{"rendered":"https:\/\/abarkhyr.com\/?post_type=product&#038;p=4653"},"modified":"2025-12-12T11:40:17","modified_gmt":"2025-12-12T11:40:17","slug":"puits-deau-avec-pompe-electrique-et-reservoir-pour-une-mosquee","status":"publish","type":"product","link":"https:\/\/abarkhyr.com\/fr\/product\/puits-deau-avec-pompe-electrique-et-reservoir-pour-une-mosquee\/","title":{"rendered":"Puits d&#039;eau avec installations d&#039;ablution et r\u00e9servoirs pour une mosqu\u00e9e ou une \u00e9cole en Asie, Inde"},"content":{"rendered":"<p>Ce puits est l&#039;un des plus grands projets d&#039;adduction d&#039;eau que nous mettons en \u0153uvre en Asie du Sud (Inde, N\u00e9pal, Bangladesh), et il est con\u00e7u pour desservir un village ou un quartier d&#039;environ 20 maisons, ainsi qu&#039;une mosqu\u00e9e ou une \u00e9cole.<br \/>\nVous pouvez choisir de d\u00e9dier le puits \u00e0 une \u00e9cole ou \u00e0 une mosqu\u00e9e, ce qui en fera un projet communautaire \u00e0 effet multiplicateur.<br \/>\n\u2e3b<br \/>\n\u2705 Avantages du projet<br \/>\n\u2022 Acc\u00e8s constant \u00e0 une eau propre et potable<br \/>\nElle fournit quotidiennement de l&#039;eau potable gratuite et saine \u00e0 plus de 120 personnes, am\u00e9liorant ainsi leur qualit\u00e9 de vie et r\u00e9duisant les maladies li\u00e9es \u00e0 l&#039;eau contamin\u00e9e.<br \/>\n\u2022 Service communautaire complet<br \/>\nLe puits est utilis\u00e9 dans les lieux de culte ou d&#039;\u00e9ducation, ainsi que dans les foyers, \u00e9largissant ainsi son champ d&#039;application \u00e0 toutes les tranches d&#039;\u00e2ge.<br \/>\n\u2022 Une solution durable pour les zones qui en ont besoin<br \/>\nD&#039;une profondeur de 30 m\u00e8tres, le puits a \u00e9t\u00e9 con\u00e7u pour assurer un d\u00e9bit d&#039;eau constant, avec un entretien p\u00e9riodique afin de garantir un service continu pendant de nombreuses ann\u00e9es.<br \/>\n\u2e3b<br \/>\n\ud83d\udccc D\u00e9tails du projet<br \/>\n\u2022Localisation\u00a0: Inde \u2013 N\u00e9pal \u2013 Bangladesh<br \/>\n\u2022 Nombre de b\u00e9n\u00e9ficiaires : Plus de 120 personnes<br \/>\n\u2022 Profondeur du puits : 30 m\u00e8tres<br \/>\n\u2022 Dur\u00e9e de conservation : Minimum 15 \u00e0 20 ans<br \/>\n\u2022 Entretien r\u00e9gulier :<strong> Libre d&#039;assurer la continuit\u00e9 du bien<\/strong><br \/>\n\u2e3b<br \/>\n\ud83c\udf81 Une documentation \u00e0 votre nom \u2013 une exp\u00e9rience humaine unique \u2728<br \/>\n\u2022Le projet sera r\u00e9alis\u00e9 en votre nom ou au nom de la personne \u00e0 qui vous d\u00e9diez cette \u0153uvre caritative<br \/>\n\u2022 Vous recevez des photos et des vid\u00e9os documentant les phases d&#039;excavation, de construction et de remise des cl\u00e9s.<br \/>\n\u2022Nous vous enverrons la localisation g\u00e9ographique pr\u00e9cise du puits afin de suivre l&#039;impact de votre action.<br \/>\n\u2e3b<br \/>\n\ud83c\udf0d Un seul puits\u2026 \u00e9tanche la soif de centaines de c\u0153urs<br \/>\nEn contribuant, vous offrez aux familles et aux communaut\u00e9s une source de vie essentielle.<br \/>\nFaites de votre don un acte de charit\u00e9 continu qui dure des d\u00e9cennies et contribuez \u00e0 am\u00e9liorer la vie de dizaines de familles.<\/p>","protected":false},"excerpt":{"rendered":"<p><strong>Localisation du projet\u00a0: Inde \u2013 N\u00e9pal \u2013 Bangladesh<\/strong><br \/>\n<strong>Personnes qui en b\u00e9n\u00e9ficieront : 120<\/strong><br \/>\n<strong>Profondeur : 30 m\u00e8tres<\/strong><br \/>\n<strong>Dur\u00e9e de vie : Minimum 15 \u00e0 20 ans<\/strong><br \/>\n<strong>Maintenance : Gratuite pour garantir une qualit\u00e9 continue<\/strong><\/p>","protected":false},"featured_media":5043,"template":"","meta":{"site-sidebar-layout":"default","site-content-layout":"","ast-site-content-layout":"default","site-content-style":"default","site-sidebar-style":"default","ast-global-header-display":"","ast-banner-title-visibility":"","ast-main-header-display":"","ast-hfb-above-header-display":"","ast-hfb-below-header-display":"","ast-hfb-mobile-header-display":"","site-post-title":"","ast-breadcrumbs-content":"","ast-featured-img":"","footer-sml-layout":"","ast-disable-related-posts":"","theme-transparent-header-meta":"default","adv-header-id-meta":"","stick-header-meta":"","header-above-stick-meta":"","header-main-stick-meta":"","header-below-stick-meta":"","astra-migrate-meta-layouts":"set","ast-page-background-enabled":"default","ast-page-background-meta":{"desktop":{"background-color":"","background-image":"","background-repeat":"repeat","background-position":"center center","background-size":"auto","background-attachment":"scroll","background-type":"","background-media":"","overlay-type":"","overlay-color":"","overlay-opacity":"","overlay-gradient":""},"tablet":{"background-color":"","background-image":"","background-repeat":"repeat","background-position":"center center","background-size":"auto","background-attachment":"scroll","background-type":"","background-media":"","overlay-type":"","overlay-color":"","overlay-opacity":"","overlay-gradient":""},"mobile":{"background-color":"","background-image":"","background-repeat":"repeat","background-position":"center center","background-size":"auto","background-attachment":"scroll","background-type":"","background-media":"","overlay-type":"","overlay-color":"","overlay-opacity":"","overlay-gradient":""}},"ast-content-background-meta":{"desktop":{"background-color":"var(--ast-global-color-5)","background-image":"","background-repeat":"repeat","background-position":"center center","background-size":"auto","background-attachment":"scroll","background-type":"","background-media":"","overlay-type":"","overlay-color":"","overlay-opacity":"","overlay-gradient":""},"tablet":{"background-color":"var(--ast-global-color-5)","background-image":"","background-repeat":"repeat","background-position":"center center","background-size":"auto","background-attachment":"scroll","background-type":"","background-media":"","overlay-type":"","overlay-color":"","overlay-opacity":"","overlay-gradient":""},"mobile":{"background-color":"var(--ast-global-color-5)","background-image":"","background-repeat":"repeat","background-position":"center center","background-size":"auto","background-attachment":"scroll","background-type":"","background-media":"","overlay-type":"","overlay-color":"","overlay-opacity":"","overlay-gradient":""}}},"product_brand":[],"product_cat":[15],"product_tag":[],"class_list":{"0":"post-4653","1":"product","2":"type-product","3":"status-publish","4":"has-post-thumbnail","6":"product_cat-uncategorized","7":"desktop-align-center","8":"tablet-align-left","9":"mobile-align-left","11":"first","12":"instock","13":"shipping-taxable","14":"product-type-external"},"_links":{"self":[{"href":"https:\/\/abarkhyr.com\/fr\/wp-json\/wp\/v2\/product\/4653","targetHints":{"allow":["GET"]}}],"collection":[{"href":"https:\/\/abarkhyr.com\/fr\/wp-json\/wp\/v2\/product"}],"about":[{"href":"https:\/\/abarkhyr.com\/fr\/wp-json\/wp\/v2\/types\/product"}],"wp:featuredmedia":[{"embeddable":true,"href":"https:\/\/abarkhyr.com\/fr\/wp-json\/wp\/v2\/media\/5043"}],"wp:attachment":[{"href":"https:\/\/abarkhyr.com\/fr\/wp-json\/wp\/v2\/media?parent=4653"}],"wp:term":[{"taxonomy":"product_brand","embeddable":true,"href":"https:\/\/abarkhyr.com\/fr\/wp-json\/wp\/v2\/product_brand?post=4653"},{"taxonomy":"product_cat","embeddable":true,"href":"https:\/\/abarkhyr.com\/fr\/wp-json\/wp\/v2\/product_cat?post=4653"},{"taxonomy":"product_tag","embeddable":true,"href":"https:\/\/abarkhyr.com\/fr\/wp-json\/wp\/v2\/product_tag?post=4653"}],"curies":[{"name":"wp","href":"https:\/\/api.w.org\/{rel}","templated":true}]}}