{"id":4649,"date":"2025-06-25T08:37:40","date_gmt":"2025-06-25T08:37:40","guid":{"rendered":"https:\/\/abarkhyr.com\/?post_type=product&#038;p=4649"},"modified":"2025-12-12T11:38:11","modified_gmt":"2025-12-12T11:38:11","slug":"projet-de-construction-de-mosquee-ou-decole","status":"publish","type":"product","link":"https:\/\/abarkhyr.com\/fr\/product\/projet-de-construction-de-mosquee-ou-decole\/","title":{"rendered":"Projet de construction d&#039;une mosqu\u00e9e et d&#039;une \u00e9cole coranique - Bangladesh"},"content":{"rendered":"<p data-start=\"117\" data-end=\"183\"><strong data-start=\"117\" data-end=\"183\">\ud83c\udfeb\u2728 Projet de construction d&#039;une mosqu\u00e9e et d&#039;une \u00e9cole \u2013 La premi\u00e8re pierre d&#039;un avenir meilleur au c\u0153ur du village<\/strong><\/p>\n<p data-start=\"185\" data-end=\"325\">Dans des villages recul\u00e9s o\u00f9 manquent les n\u00e9cessit\u00e9s les plus \u00e9l\u00e9mentaires pour une vie d\u00e9cente, ce projet vient redonner espoir et offrir aux habitants un lieu de rassemblement dans la lumi\u00e8re du savoir ou la puret\u00e9 de la foi.<\/p>\n<p data-start=\"327\" data-end=\"532\">Nous construisons <strong data-start=\"338\" data-end=\"367\">Une mosqu\u00e9e d\u00e9di\u00e9e \u00e0 la pri\u00e8re et au culte<\/strong> \u0648 <strong data-start=\"371\" data-end=\"394\">Une \u00e9cole bien \u00e9quip\u00e9e<\/strong> Con\u00e7u \u00e0 partir de z\u00e9ro pour desservir un quartier ou un village entier, ce projet est l&#039;un des plus demand\u00e9s en Asie du Sud (comme au Bangladesh) en raison du manque de ces infrastructures de base.<\/p>\n<p data-start=\"534\" data-end=\"629\"><strong data-start=\"534\" data-end=\"629\">\ud83d\udca1 Vous pouvez choisir le type de b\u00e2timent : mosqu\u00e9e et \u00e9cole, en fonction de l&#039;impact que vous souhaitez avoir et du domaine dans lequel vous aimeriez contribuer.<\/strong><\/p>\n<hr data-start=\"631\" data-end=\"634\" \/>\n<p data-start=\"636\" data-end=\"656\"><strong data-start=\"636\" data-end=\"656\">\u2705 Avantages du projet\u00a0:<\/strong><\/p>\n<p data-start=\"658\" data-end=\"792\">\u2022 <strong data-start=\"660\" data-end=\"683\">service communautaire de base<\/strong><br data-start=\"683\" data-end=\"686\" \/>La mosqu\u00e9e offre un lieu de culte et de rassemblement spirituel, tandis que l&#039;\u00e9cole ouvre les portes du savoir aux enfants du village et change leur avenir.<\/p>\n<p data-start=\"794\" data-end=\"912\">\u2022 <strong data-start=\"796\" data-end=\"816\">environnement s\u00fbr et bien \u00e9quip\u00e9<\/strong><br data-start=\"816\" data-end=\"819\" \/>Nous nous engageons \u00e0 construire un \u00e9tablissement confortable et bien ventil\u00e9, \u00e9quip\u00e9 de tout le mobilier, les si\u00e8ges et les tableaux p\u00e9dagogiques n\u00e9cessaires.<\/p>\n<p data-start=\"914\" data-end=\"1037\">\u2022 <strong data-start=\"916\" data-end=\"942\">Un impact durable qui perdure pendant des ann\u00e9es<\/strong><br data-start=\"942\" data-end=\"945\" \/>Le b\u00e2timent est con\u00e7u pour r\u00e9sister aux conditions environnementales des zones rurales, avec la possibilit\u00e9 d&#039;entretien et d&#039;agrandissement futurs.<\/p>\n<hr data-start=\"1039\" data-end=\"1042\" \/>\n<p data-start=\"1044\" data-end=\"1066\"><strong data-start=\"1044\" data-end=\"1066\">\ud83d\udccc D\u00e9tails du projet\u00a0:<\/strong><\/p>\n<p data-start=\"1068\" data-end=\"1296\">\u2022 <strong data-start=\"1070\" data-end=\"1081\">le site\u00a0:<\/strong> Un des villages pauvres du Bangladesh<br data-start=\"1112\" data-end=\"1115\" \/>\u2022 <strong data-start=\"1117\" data-end=\"1136\">Nombre de b\u00e9n\u00e9ficiaires :<\/strong> Entre 80 et 150 personnes par jour<br data-start=\"1162\" data-end=\"1165\" \/>\u2022 <strong data-start=\"1167\" data-end=\"1182\">Type de b\u00e2timent :<\/strong> Une mosqu\u00e9e ou une \u00e9cole de plain-pied<br data-start=\"1209\" data-end=\"1212\" \/>\u2022 <strong data-start=\"1214\" data-end=\"1229\">Dur\u00e9e du service :<\/strong> Au moins 15 \u00e0 20 ans<br data-start=\"1249\" data-end=\"1252\" \/>\u2022 <strong data-start=\"1254\" data-end=\"1274\">Extensibilit\u00e9 :<\/strong> En fonction des besoins futurs<\/p>\n<hr data-start=\"1298\" data-end=\"1301\" \/>\n<p data-start=\"1303\" data-end=\"1344\"><strong data-start=\"1303\" data-end=\"1344\">\ud83c\udf81 Un certificat sp\u00e9cial \u00e0 votre nom \u2013 un acte de charit\u00e9 durable et continu<\/strong><\/p>\n<p data-start=\"1346\" data-end=\"1486\">\u2022 Mettez en \u0153uvre le projet \u00e0 votre nom ou au nom d&#039;un \u00eatre cher.<br data-start=\"1377\" data-end=\"1380\" \/>\u2022 Photos et vid\u00e9os documentant les diff\u00e9rentes phases de construction jusqu&#039;\u00e0 l&#039;ouverture<br data-start=\"1429\" data-end=\"1432\" \/>\u2022 Nous vous envoyons les coordonn\u00e9es GPS afin que vous puissiez suivre l&#039;impact de votre contribution.<\/p>\n<hr data-start=\"1488\" data-end=\"1491\" \/>\n<p data-start=\"1493\" data-end=\"1547\"><strong data-start=\"1493\" data-end=\"1547\">\ud83c\udf0d Une brique b\u00e2tit une communaut\u00e9\u2026 et la charit\u00e9 vous apporte une r\u00e9compense sans fin<\/strong><\/p>\n<p data-start=\"1549\" data-end=\"1649\">En contribuant, vous leur offrez un lieu de culte ou une porte vers la connaissance\u2026 et vous vous ouvrez vous-m\u00eame la voie \u00e0 une r\u00e9compense continue dans ce monde et dans l\u2019au-del\u00e0.<\/p>","protected":false},"excerpt":{"rendered":"<p data-start=\"107\" data-end=\"165\"><strong data-start=\"107\" data-end=\"165\">\ud83d\udccd Projet de construction de mosqu\u00e9e ou d&#039;\u00e9cole \u2013 Bangladesh<\/strong><\/p>\n<p data-start=\"167\" data-end=\"377\">Le projet vise \u00e0 \u00e9tablir une mosqu\u00e9e pour le culte ou une \u00e9cole pour l&#039;\u00e9ducation dans l&#039;un des villages les plus d\u00e9munis.<br data-start=\"249\" data-end=\"252\" \/>Elle dessert plus de 120 personnes par jour et continue de le faire pendant au moins 10 \u00e0 15 ans, avec un entretien p\u00e9riodique tous les 12 mois pour garantir un b\u00e9n\u00e9fice continu.<\/p>","protected":false},"featured_media":5042,"template":"","meta":{"site-sidebar-layout":"default","site-content-layout":"","ast-site-content-layout":"default","site-content-style":"default","site-sidebar-style":"default","ast-global-header-display":"","ast-banner-title-visibility":"","ast-main-header-display":"","ast-hfb-above-header-display":"","ast-hfb-below-header-display":"","ast-hfb-mobile-header-display":"","site-post-title":"","ast-breadcrumbs-content":"","ast-featured-img":"","footer-sml-layout":"","ast-disable-related-posts":"","theme-transparent-header-meta":"default","adv-header-id-meta":"","stick-header-meta":"","header-above-stick-meta":"","header-main-stick-meta":"","header-below-stick-meta":"","astra-migrate-meta-layouts":"set","ast-page-background-enabled":"default","ast-page-background-meta":{"desktop":{"background-color":"","background-image":"","background-repeat":"repeat","background-position":"center center","background-size":"auto","background-attachment":"scroll","background-type":"","background-media":"","overlay-type":"","overlay-color":"","overlay-opacity":"","overlay-gradient":""},"tablet":{"background-color":"","background-image":"","background-repeat":"repeat","background-position":"center center","background-size":"auto","background-attachment":"scroll","background-type":"","background-media":"","overlay-type":"","overlay-color":"","overlay-opacity":"","overlay-gradient":""},"mobile":{"background-color":"","background-image":"","background-repeat":"repeat","background-position":"center center","background-size":"auto","background-attachment":"scroll","background-type":"","background-media":"","overlay-type":"","overlay-color":"","overlay-opacity":"","overlay-gradient":""}},"ast-content-background-meta":{"desktop":{"background-color":"var(--ast-global-color-5)","background-image":"","background-repeat":"repeat","background-position":"center center","background-size":"auto","background-attachment":"scroll","background-type":"","background-media":"","overlay-type":"","overlay-color":"","overlay-opacity":"","overlay-gradient":""},"tablet":{"background-color":"var(--ast-global-color-5)","background-image":"","background-repeat":"repeat","background-position":"center center","background-size":"auto","background-attachment":"scroll","background-type":"","background-media":"","overlay-type":"","overlay-color":"","overlay-opacity":"","overlay-gradient":""},"mobile":{"background-color":"var(--ast-global-color-5)","background-image":"","background-repeat":"repeat","background-position":"center center","background-size":"auto","background-attachment":"scroll","background-type":"","background-media":"","overlay-type":"","overlay-color":"","overlay-opacity":"","overlay-gradient":""}}},"product_brand":[],"product_cat":[40],"product_tag":[],"class_list":{"0":"post-4649","1":"product","2":"type-product","3":"status-publish","4":"has-post-thumbnail","6":"product_cat-40","7":"desktop-align-center","8":"tablet-align-left","9":"mobile-align-left","11":"first","12":"instock","13":"shipping-taxable","14":"purchasable","15":"product-type-simple"},"_links":{"self":[{"href":"https:\/\/abarkhyr.com\/fr\/wp-json\/wp\/v2\/product\/4649","targetHints":{"allow":["GET"]}}],"collection":[{"href":"https:\/\/abarkhyr.com\/fr\/wp-json\/wp\/v2\/product"}],"about":[{"href":"https:\/\/abarkhyr.com\/fr\/wp-json\/wp\/v2\/types\/product"}],"wp:featuredmedia":[{"embeddable":true,"href":"https:\/\/abarkhyr.com\/fr\/wp-json\/wp\/v2\/media\/5042"}],"wp:attachment":[{"href":"https:\/\/abarkhyr.com\/fr\/wp-json\/wp\/v2\/media?parent=4649"}],"wp:term":[{"taxonomy":"product_brand","embeddable":true,"href":"https:\/\/abarkhyr.com\/fr\/wp-json\/wp\/v2\/product_brand?post=4649"},{"taxonomy":"product_cat","embeddable":true,"href":"https:\/\/abarkhyr.com\/fr\/wp-json\/wp\/v2\/product_cat?post=4649"},{"taxonomy":"product_tag","embeddable":true,"href":"https:\/\/abarkhyr.com\/fr\/wp-json\/wp\/v2\/product_tag?post=4649"}],"curies":[{"name":"wp","href":"https:\/\/api.w.org\/{rel}","templated":true}]}}