{"id":4623,"date":"2025-06-25T07:55:04","date_gmt":"2025-06-25T07:55:04","guid":{"rendered":"https:\/\/abarkhyr.com\/?post_type=product&#038;p=4623"},"modified":"2026-02-27T13:08:06","modified_gmt":"2026-02-27T13:08:06","slug":"puits-deau-avec-pompe-electrique-construction-de-mosquee","status":"publish","type":"product","link":"https:\/\/abarkhyr.com\/fr\/product\/puits-deau-avec-pompe-electrique-construction-de-mosquee\/","title":{"rendered":"Puits d&#039;eau avec pompe \u00e9lectrique et construction d&#039;une mosqu\u00e9e\/\u00e9cole coranique - Bangladesh"},"content":{"rendered":"<p data-start=\"160\" data-end=\"237\"><strong data-start=\"160\" data-end=\"237\">\ud83d\udca7\ud83c\udfeb Un projet complet\u00a0: un puits avec une mosqu\u00e9e ou une \u00e9cole \u2013 la vie, la foi ou le savoir r\u00e9unis en un seul lieu<\/strong><\/p>\n<p data-start=\"239\" data-end=\"555\">Notre projet ne se limite pas \u00e0 la simple fourniture d&#039;eau, mais va au-del\u00e0 en visant \u00e0 construire une communaut\u00e9 int\u00e9gr\u00e9e qui combine le besoin fondamental en eau avec le besoin spirituel ou \u00e9ducatif.<br data-start=\"372\" data-end=\"375\" \/>Nous cr\u00e9ons <strong data-start=\"387\" data-end=\"403\">puits d&#039;eau profonde<\/strong> pr\u00e8s de <strong data-start=\"410\" data-end=\"441\">Construire une mosqu\u00e9e ou une \u00e9cole \u00e0 partir de z\u00e9ro<\/strong>Dans l&#039;un des villages pauvres d&#039;Asie du Sud (Bangladesh), servir tout le voisinage et offrir \u00e0 ses habitants une vie meilleure \u00e0 tous les niveaux.<\/p>\n<hr data-start=\"557\" data-end=\"560\" \/>\n<p data-start=\"562\" data-end=\"582\"><strong data-start=\"562\" data-end=\"582\">\u2705 Avantages du projet\u00a0:<\/strong><\/p>\n<p data-start=\"584\" data-end=\"696\">\u2022 <strong data-start=\"586\" data-end=\"609\">De l&#039;eau pure pour tout un village<\/strong><br data-start=\"609\" data-end=\"612\" \/>Ce puits fournit de l&#039;eau potable \u00e0 plus de 120 personnes, r\u00e9duisant ainsi les maladies et am\u00e9liorant les conditions de vie.<\/p>\n<p data-start=\"698\" data-end=\"826\">\u2022 <strong data-start=\"700\" data-end=\"735\">Construire une mosqu\u00e9e ou une \u00e9cole enti\u00e8rement nouvelle<\/strong><br data-start=\"735\" data-end=\"738\" \/>Nous construisons une mosqu\u00e9e pour le culte ou une \u00e9cole pour l&#039;\u00e9ducation \u00e0 partir de z\u00e9ro, \u00e9quip\u00e9es de tout le n\u00e9cessaire pour servir efficacement la communaut\u00e9.<\/p>\n<p data-start=\"828\" data-end=\"951\">\u2022 <strong data-start=\"830\" data-end=\"848\">b\u00e9n\u00e9fice public durable<\/strong><br data-start=\"848\" data-end=\"851\" \/>Le puits a une profondeur de 30 m\u00e8tres, et la mosqu\u00e9e ou l&#039;\u00e9cole est construite selon des sp\u00e9cifications qui garantissent son utilisation pendant des d\u00e9cennies, moyennant un entretien p\u00e9riodique.<\/p>\n<hr data-start=\"953\" data-end=\"956\" \/>\n<p data-start=\"958\" data-end=\"980\"><strong data-start=\"958\" data-end=\"980\">\ud83d\udccc D\u00e9tails du projet\u00a0:<\/strong><\/p>\n<p data-start=\"982\" data-end=\"1234\">\u2022 <strong data-start=\"984\" data-end=\"995\">le site\u00a0:<\/strong> Bangladesh<br data-start=\"1004\" data-end=\"1007\" \/>\u2022 <strong data-start=\"1009\" data-end=\"1028\">Nombre de b\u00e9n\u00e9ficiaires :<\/strong> Plus de 120 personnes<br data-start=\"1046\" data-end=\"1049\" \/>\u2022 <strong data-start=\"1051\" data-end=\"1061\">Le puits :<\/strong> 30 m\u00e8tres de profondeur, \u00e9quip\u00e9 d&#039;une pompe manuelle ou \u00e9lectrique<br data-start=\"1105\" data-end=\"1108\" \/>\u2022 <strong data-start=\"1110\" data-end=\"1121\">B\u00e2timent:<\/strong> Une mosqu\u00e9e ou une \u00e9cole de plain-pied, d&#039;une capacit\u00e9 adapt\u00e9e au village.<br data-start=\"1168\" data-end=\"1171\" \/>\u2022 <strong data-start=\"1173\" data-end=\"1191\">Dur\u00e9e de la prestation :<\/strong> Au moins 10 \u00e0 15 ans<br data-start=\"1211\" data-end=\"1214\" \/>\u2022 <strong data-start=\"1216\" data-end=\"1228\">Entretien:<\/strong> annuel<\/p>\n<hr data-start=\"1236\" data-end=\"1239\" \/>\n<p data-start=\"1241\" data-end=\"1283\"><strong data-start=\"1241\" data-end=\"1283\">\ud83c\udf81 Un certificat personnalis\u00e9 \u00e0 votre nom ou au nom de la personne \u00e0 qui vous d\u00e9diez le projet<\/strong><\/p>\n<p data-start=\"1285\" data-end=\"1418\">\u2022 Photos et vid\u00e9os compl\u00e8tes, de l&#039;excavation \u00e0 la construction et \u00e0 la livraison<br data-start=\"1338\" data-end=\"1341\" \/>\u2022 Emplacement g\u00e9ographique pr\u00e9cis<br data-start=\"1365\" data-end=\"1368\" \/>\u2022 Une plaque portant le nom du donateur ou de la personne \u00e0 qui le projet est d\u00e9di\u00e9.<\/p>\n<hr data-start=\"1420\" data-end=\"1423\" \/>\n<p data-start=\"1425\" data-end=\"1473\"><strong data-start=\"1425\" data-end=\"1473\">\ud83c\udf0d Un projet\u2026 alliant vie et foi ou science<\/strong><\/p>\n<p data-start=\"1475\" data-end=\"1602\">Avec ce projet, vous \u00e9tanchez la soif des assoiff\u00e9s et vous construisez un lieu d\u00e9di\u00e9 \u00e0 la science ou au culte.<br data-start=\"1532\" data-end=\"1535\" \/><strong data-start=\"1535\" data-end=\"1602\">Une action caritative continue \u00e0 l&#039;impact d\u00e9multipli\u00e9\u2026 Elle commence par une goutte d&#039;eau et s&#039;\u00e9tend jusqu&#039;\u00e0 une lumi\u00e8re \u00e9ternelle.<\/strong><\/p>","protected":false},"excerpt":{"rendered":"<p>Un projet int\u00e9gr\u00e9 combinant un puits d&#039;eau profonde et la construction d&#039;une mosqu\u00e9e ou d&#039;une \u00e9cole \u00e0 partir de z\u00e9ro, dans des villages pauvres d&#039;Asie du Sud (Bangladesh).<br data-start=\"209\" data-end=\"212\" \/>Elle dessert quotidiennement plus de 120 personnes, leur offrant une source d&#039;eau constante et un lieu de culte ou d&#039;\u00e9ducation.<br data-start=\"298\" data-end=\"301\" \/>Avec une profondeur de 30 m\u00e8tres et un entretien annuel, ce projet constitue une \u0153uvre de charit\u00e9 continue avec un effet multiplicateur qui dure pendant plus de 10 \u00e0 15 ans.<\/p>","protected":false},"featured_media":5041,"template":"","meta":{"site-sidebar-layout":"default","site-content-layout":"","ast-site-content-layout":"default","site-content-style":"default","site-sidebar-style":"default","ast-global-header-display":"","ast-banner-title-visibility":"","ast-main-header-display":"","ast-hfb-above-header-display":"","ast-hfb-below-header-display":"","ast-hfb-mobile-header-display":"","site-post-title":"","ast-breadcrumbs-content":"","ast-featured-img":"","footer-sml-layout":"","ast-disable-related-posts":"","theme-transparent-header-meta":"default","adv-header-id-meta":"","stick-header-meta":"","header-above-stick-meta":"","header-main-stick-meta":"","header-below-stick-meta":"","astra-migrate-meta-layouts":"set","ast-page-background-enabled":"default","ast-page-background-meta":{"desktop":{"background-color":"","background-image":"","background-repeat":"repeat","background-position":"center center","background-size":"auto","background-attachment":"scroll","background-type":"","background-media":"","overlay-type":"","overlay-color":"","overlay-opacity":"","overlay-gradient":""},"tablet":{"background-color":"","background-image":"","background-repeat":"repeat","background-position":"center center","background-size":"auto","background-attachment":"scroll","background-type":"","background-media":"","overlay-type":"","overlay-color":"","overlay-opacity":"","overlay-gradient":""},"mobile":{"background-color":"","background-image":"","background-repeat":"repeat","background-position":"center center","background-size":"auto","background-attachment":"scroll","background-type":"","background-media":"","overlay-type":"","overlay-color":"","overlay-opacity":"","overlay-gradient":""}},"ast-content-background-meta":{"desktop":{"background-color":"var(--ast-global-color-5)","background-image":"","background-repeat":"repeat","background-position":"center center","background-size":"auto","background-attachment":"scroll","background-type":"","background-media":"","overlay-type":"","overlay-color":"","overlay-opacity":"","overlay-gradient":""},"tablet":{"background-color":"var(--ast-global-color-5)","background-image":"","background-repeat":"repeat","background-position":"center center","background-size":"auto","background-attachment":"scroll","background-type":"","background-media":"","overlay-type":"","overlay-color":"","overlay-opacity":"","overlay-gradient":""},"mobile":{"background-color":"var(--ast-global-color-5)","background-image":"","background-repeat":"repeat","background-position":"center center","background-size":"auto","background-attachment":"scroll","background-type":"","background-media":"","overlay-type":"","overlay-color":"","overlay-opacity":"","overlay-gradient":""}}},"product_brand":[],"product_cat":[40],"product_tag":[],"class_list":{"0":"post-4623","1":"product","2":"type-product","3":"status-publish","4":"has-post-thumbnail","6":"product_cat-40","7":"desktop-align-center","8":"tablet-align-left","9":"mobile-align-left","11":"first","12":"instock","13":"shipping-taxable","14":"product-type-external"},"_links":{"self":[{"href":"https:\/\/abarkhyr.com\/fr\/wp-json\/wp\/v2\/product\/4623","targetHints":{"allow":["GET"]}}],"collection":[{"href":"https:\/\/abarkhyr.com\/fr\/wp-json\/wp\/v2\/product"}],"about":[{"href":"https:\/\/abarkhyr.com\/fr\/wp-json\/wp\/v2\/types\/product"}],"wp:featuredmedia":[{"embeddable":true,"href":"https:\/\/abarkhyr.com\/fr\/wp-json\/wp\/v2\/media\/5041"}],"wp:attachment":[{"href":"https:\/\/abarkhyr.com\/fr\/wp-json\/wp\/v2\/media?parent=4623"}],"wp:term":[{"taxonomy":"product_brand","embeddable":true,"href":"https:\/\/abarkhyr.com\/fr\/wp-json\/wp\/v2\/product_brand?post=4623"},{"taxonomy":"product_cat","embeddable":true,"href":"https:\/\/abarkhyr.com\/fr\/wp-json\/wp\/v2\/product_cat?post=4623"},{"taxonomy":"product_tag","embeddable":true,"href":"https:\/\/abarkhyr.com\/fr\/wp-json\/wp\/v2\/product_tag?post=4623"}],"curies":[{"name":"wp","href":"https:\/\/api.w.org\/{rel}","templated":true}]}}