{"id":3423,"date":"2024-10-26T09:58:32","date_gmt":"2024-10-26T09:58:32","guid":{"rendered":"https:\/\/abarkhyr.com\/?post_type=product&#038;p=3423"},"modified":"2026-02-27T13:08:20","modified_gmt":"2026-02-27T13:08:20","slug":"puits-deau-traditionnel-avec-seaux-nigeria","status":"publish","type":"product","link":"https:\/\/abarkhyr.com\/fr\/product\/puits-deau-traditionnel-avec-seaux-nigeria\/","title":{"rendered":"Puits d&#039;eau traditionnel avec seaux, Nig\u00e9ria\/Niger"},"content":{"rendered":"<div><strong>\ud83d\udca7Puits d&#039;eau traditionnels avec seaux \u2013 une solution simple et efficace pour les communaut\u00e9s isol\u00e9es du Nig\u00e9ria\/Niger<\/strong><\/div>\n<div><\/div>\n<div><strong>Ce puits traditionnel a \u00e9t\u00e9 sp\u00e9cialement con\u00e7u pour approvisionner les villages souffrant de graves p\u00e9nuries d&#039;eau et d&#039;une absence totale d&#039;infrastructures \u00e9lectriques. Gr\u00e2ce \u00e0 un syst\u00e8me de levage manuel utilisant plusieurs seaux, hommes et femmes peuvent puiser de l&#039;eau simultan\u00e9ment, facilement et rapidement.<\/strong><\/div>\n<div><strong>Ce projet dessert quotidiennement plus de 120 personnes, soit l&#039;\u00e9quivalent d&#039;environ 15 familles, et fournit une source vitale d&#039;eau potable adapt\u00e9e \u00e0 un usage quotidien.<\/strong><\/div>\n<div><\/div>\n<div>\u2013<\/div>\n<div><\/div>\n<div><\/div>\n<div><strong>\u2705 Avantages du projet<\/strong><\/div>\n<div><\/div>\n<div>\u2022 L\u2019extraction manuelle sans \u00e9lectricit\u00e9, \u00e9quip\u00e9e d\u2019un syst\u00e8me de levage traditionnel \u00e0 godets, ne d\u00e9pend pas de l\u2019\u00e9lectricit\u00e9 et assure l\u2019approvisionnement en eau m\u00eame dans les zones les plus isol\u00e9es.<\/div>\n<div>\u2022 Polyvalente : Con\u00e7ue comme source principale d&#039;eau potable, elle est \u00e9galement utilis\u00e9e pour l&#039;hygi\u00e8ne, la cuisine, l&#039;entretien m\u00e9nager et m\u00eame l&#039;agriculture.<\/div>\n<div><\/div>\n<div>\u2013<\/div>\n<div><\/div>\n<div><\/div>\n<div><strong>\ud83d\udccc D\u00e9tails du projet<\/strong><\/div>\n<div><\/div>\n<div>\u2022 Lieu : Nig\u00e9ria<\/div>\n<div>\u2022 Nombre de b\u00e9n\u00e9ficiaires : plus de 120 personnes (environ 15 familles ou plus)<\/div>\n<div>\u2022 Dur\u00e9e de conservation : Permanente<\/div>\n<div>\u2022 Entretien r\u00e9gulier : une fois tous les 12 mois pour maintenir les performances<\/div>\n<div><\/div>\n<div>\u2013<\/div>\n<div><\/div>\n<div><\/div>\n<div><\/div>\n<div><strong>\ud83c\udf81 V\u00e9rification de l&#039;exp\u00e9rience \u00e0 votre nom \u2728<\/strong><\/div>\n<div><\/div>\n<div>\u2022 R\u00e9alisez le projet en votre nom ou au nom de la personne \u00e0 qui vous d\u00e9diez cette \u0153uvre de charit\u00e9.<\/div>\n<div>\u2022 Photos et vid\u00e9os documentant les \u00e9tapes de forage et de construction du puits<\/div>\n<div>\u2022 Une localisation g\u00e9ographique pr\u00e9cise qui vous permet de suivre l&#039;impact de votre projet sur le terrain.<\/div>\n<div><\/div>\n<div><\/div>\n<div><\/div>\n<div><\/div>\n<div><strong>\ud83c\udf0d Laissez une empreinte durable<\/strong><\/div>\n<div><\/div>\n<div><strong>Un simple puits avec des seaux\u2026 mais il change radicalement la vie de centaines de personnes chaque jour.<\/strong><\/div>\n<div><strong>Contribuez \u00e0 fournir de l&#039;eau potable \u00e0 toute une communaut\u00e9.<\/strong><\/div>","protected":false},"excerpt":{"rendered":"<p><strong>Lieu du projet : Nig\u00e9ria \/ Niger<\/strong><br \/>\n<strong>Plus de 120 personnes b\u00e9n\u00e9ficieront de ce service.<\/strong><br \/>\n<strong>Profondeur : 30 m\u00e8tres<\/strong><br \/>\n<strong>Dur\u00e9e de vie : Permanente<\/strong><br \/>\n<strong>Maintenance : tous les 12 mois<\/strong><\/p>","protected":false},"featured_media":5039,"template":"","meta":{"site-sidebar-layout":"default","site-content-layout":"","ast-site-content-layout":"default","site-content-style":"default","site-sidebar-style":"default","ast-global-header-display":"","ast-banner-title-visibility":"","ast-main-header-display":"","ast-hfb-above-header-display":"","ast-hfb-below-header-display":"","ast-hfb-mobile-header-display":"","site-post-title":"","ast-breadcrumbs-content":"","ast-featured-img":"","footer-sml-layout":"","ast-disable-related-posts":"","theme-transparent-header-meta":"default","adv-header-id-meta":"","stick-header-meta":"","header-above-stick-meta":"","header-main-stick-meta":"","header-below-stick-meta":"","astra-migrate-meta-layouts":"set","ast-page-background-enabled":"default","ast-page-background-meta":{"desktop":{"background-color":"","background-image":"","background-repeat":"repeat","background-position":"center center","background-size":"auto","background-attachment":"scroll","background-type":"","background-media":"","overlay-type":"","overlay-color":"","overlay-opacity":"","overlay-gradient":""},"tablet":{"background-color":"","background-image":"","background-repeat":"repeat","background-position":"center center","background-size":"auto","background-attachment":"scroll","background-type":"","background-media":"","overlay-type":"","overlay-color":"","overlay-opacity":"","overlay-gradient":""},"mobile":{"background-color":"","background-image":"","background-repeat":"repeat","background-position":"center center","background-size":"auto","background-attachment":"scroll","background-type":"","background-media":"","overlay-type":"","overlay-color":"","overlay-opacity":"","overlay-gradient":""}},"ast-content-background-meta":{"desktop":{"background-color":"var(--ast-global-color-5)","background-image":"","background-repeat":"repeat","background-position":"center center","background-size":"auto","background-attachment":"scroll","background-type":"","background-media":"","overlay-type":"","overlay-color":"","overlay-opacity":"","overlay-gradient":""},"tablet":{"background-color":"var(--ast-global-color-5)","background-image":"","background-repeat":"repeat","background-position":"center center","background-size":"auto","background-attachment":"scroll","background-type":"","background-media":"","overlay-type":"","overlay-color":"","overlay-opacity":"","overlay-gradient":""},"mobile":{"background-color":"var(--ast-global-color-5)","background-image":"","background-repeat":"repeat","background-position":"center center","background-size":"auto","background-attachment":"scroll","background-type":"","background-media":"","overlay-type":"","overlay-color":"","overlay-opacity":"","overlay-gradient":""}}},"product_brand":[],"product_cat":[40],"product_tag":[],"class_list":{"0":"post-3423","1":"product","2":"type-product","3":"status-publish","4":"has-post-thumbnail","6":"product_cat-40","7":"desktop-align-center","8":"tablet-align-left","9":"mobile-align-left","11":"first","12":"instock","13":"shipping-taxable","14":"product-type-external"},"_links":{"self":[{"href":"https:\/\/abarkhyr.com\/fr\/wp-json\/wp\/v2\/product\/3423","targetHints":{"allow":["GET"]}}],"collection":[{"href":"https:\/\/abarkhyr.com\/fr\/wp-json\/wp\/v2\/product"}],"about":[{"href":"https:\/\/abarkhyr.com\/fr\/wp-json\/wp\/v2\/types\/product"}],"wp:featuredmedia":[{"embeddable":true,"href":"https:\/\/abarkhyr.com\/fr\/wp-json\/wp\/v2\/media\/5039"}],"wp:attachment":[{"href":"https:\/\/abarkhyr.com\/fr\/wp-json\/wp\/v2\/media?parent=3423"}],"wp:term":[{"taxonomy":"product_brand","embeddable":true,"href":"https:\/\/abarkhyr.com\/fr\/wp-json\/wp\/v2\/product_brand?post=3423"},{"taxonomy":"product_cat","embeddable":true,"href":"https:\/\/abarkhyr.com\/fr\/wp-json\/wp\/v2\/product_cat?post=3423"},{"taxonomy":"product_tag","embeddable":true,"href":"https:\/\/abarkhyr.com\/fr\/wp-json\/wp\/v2\/product_tag?post=3423"}],"curies":[{"name":"wp","href":"https:\/\/api.w.org\/{rel}","templated":true}]}}