{"id":3417,"date":"2024-10-26T09:54:14","date_gmt":"2024-10-26T09:54:14","guid":{"rendered":"https:\/\/abarkhyr.com\/?post_type=product&#038;p=3417"},"modified":"2025-12-12T11:30:55","modified_gmt":"2025-12-12T11:30:55","slug":"puits-deau-avec-pompe-electrique-et-reservoirs-africains","status":"publish","type":"product","link":"https:\/\/abarkhyr.com\/fr\/product\/puits-deau-avec-pompe-electrique-et-reservoirs-africains\/","title":{"rendered":"Puits d&#039;eau avec pompe \u00e9lectrique et r\u00e9servoirs, Afrique-Niger"},"content":{"rendered":"<div><strong>Un puits g\u00e9ant dot\u00e9 de r\u00e9servoirs de 4 000 litres \u2013 un projet qui permettra d&#039;irriguer un village entier au c\u0153ur de l&#039;Afrique<\/strong><\/div>\n<div><\/div>\n<div><strong>Ce puits est l&#039;un des plus grands projets d&#039;adduction d&#039;eau que nous mettons en \u0153uvre en Afrique, et plus pr\u00e9cis\u00e9ment au Niger, o\u00f9 il a \u00e9t\u00e9 con\u00e7u pour alimenter quotidiennement un village entier de plus de 700 personnes, soit l&#039;\u00e9quivalent de 70 familles ou plus.<\/strong><\/div>\n<div><strong>Gr\u00e2ce \u00e0 ses \u00e9quipements de pointe, ce projet garantit un acc\u00e8s continu et s\u00fbr \u00e0 l&#039;eau potable, m\u00eame en cas de coupure de courant.<\/strong><\/div>\n<div><\/div>\n<div>\u2e3b<\/div>\n<div><\/div>\n<div><strong>\u2705 Avantages du projet<\/strong><\/div>\n<div>\u2022 Une capacit\u00e9 immense pour servir tout le monde<\/div>\n<div>Un puits profond \u00e9quip\u00e9 d&#039;une pompe \u00e9lectrique et de r\u00e9servoirs d&#039;eau de 4000 litres, pour stocker et distribuer l&#039;eau tout au long de la journ\u00e9e sans avoir besoin d&#039;un fonctionnement continu de la pompe.<\/div>\n<div>\u2022 Efficacit\u00e9 \u00e9nerg\u00e9tique<\/div>\n<div>Les grands r\u00e9servoirs r\u00e9duisent la fr\u00e9quence de fonctionnement de la pompe, ce qui permet d&#039;\u00e9conomiser de l&#039;\u00e9nergie et d&#039;assurer la continuit\u00e9 de l&#039;alimentation m\u00eame en cas de coupure de courant.<\/div>\n<div>\u2022Une source essentielle d&#039;eau potable et d&#039;hygi\u00e8ne<\/div>\n<div>Le puits sert \u00e0 satisfaire les besoins quotidiens en eau potable, en cuisine, en hygi\u00e8ne, en entretien m\u00e9nager et m\u00eame en agriculture, ce qui change v\u00e9ritablement la vie des villageois.<\/div>\n<div><\/div>\n<div>\u2e3b<\/div>\n<div><\/div>\n<div><strong>\ud83d\udccc D\u00e9tails du projet<\/strong><\/div>\n<div>\u2022Lieu : Niger<\/div>\n<div>\u2022 Nombre de b\u00e9n\u00e9ficiaires : plus de 700 personnes<\/div>\n<div>\u2022 Profondeur du puits : 60 m\u00e8tres<\/div>\n<div>\u2022 Capacit\u00e9 du r\u00e9servoir : 4000 litres<\/div>\n<div>\u2022 Dur\u00e9e de conservation : Permanente<\/div>\n<div>\u2022 Entretien r\u00e9gulier : une fois tous les 12 mois<\/div>\n<div><\/div>\n<div>\u2e3b<\/div>\n<div><\/div>\n<div><strong>\ud83c\udf81 Documentation compl\u00e8te \u00e0 votre nom \u2728<\/strong><\/div>\n<div>\u2022Le projet sera r\u00e9alis\u00e9 en votre nom ou au nom de la personne \u00e0 qui vous d\u00e9dierez cette \u0153uvre humanitaire.<\/div>\n<div>\u2022 Vous recevez des photos et des vid\u00e9os documentant toutes les \u00e9tapes du projet, de l&#039;excavation \u00e0 la livraison.<\/div>\n<div>\u2022La localisation g\u00e9ographique pr\u00e9cise est envoy\u00e9e afin que vous puissiez suivre le projet et partager son impact.<\/div>\n<div><\/div>\n<div>\u2e3b<\/div>\n<div><\/div>\n<div><strong>\ud83c\udf0d Un village entier\u2026 un puits<\/strong><\/div>\n<div><\/div>\n<div><strong>Avec ce projet, vous ne faites pas que d\u00e9salt\u00e9rer\u2026 vous offrez une vie d\u00e9cente \u00e0 des familles enti\u00e8res.<\/strong><\/div>\n<div><strong>En contribuant, vous cr\u00e9ez un impact durable et inoubliable.<\/strong><\/div>","protected":false},"excerpt":{"rendered":"<p><strong>Lieu du projet : Niger<\/strong><br \/>\n<strong>Plus de 700 personnes b\u00e9n\u00e9ficieront de ce service.<\/strong><br \/>\n<strong>Profondeur : 60 m\u00e8tres<\/strong><br \/>\n<strong>Capacit\u00e9 du r\u00e9servoir : 4000 litres<\/strong><br \/>\n<strong>Dur\u00e9e de vie : Permanente<\/strong><br \/>\n<strong>Maintenance : tous les 12 mois<\/strong><\/p>","protected":false},"featured_media":5038,"template":"","meta":{"site-sidebar-layout":"default","site-content-layout":"","ast-site-content-layout":"default","site-content-style":"default","site-sidebar-style":"default","ast-global-header-display":"","ast-banner-title-visibility":"","ast-main-header-display":"","ast-hfb-above-header-display":"","ast-hfb-below-header-display":"","ast-hfb-mobile-header-display":"","site-post-title":"","ast-breadcrumbs-content":"","ast-featured-img":"","footer-sml-layout":"","ast-disable-related-posts":"","theme-transparent-header-meta":"default","adv-header-id-meta":"","stick-header-meta":"","header-above-stick-meta":"","header-main-stick-meta":"","header-below-stick-meta":"","astra-migrate-meta-layouts":"set","ast-page-background-enabled":"default","ast-page-background-meta":{"desktop":{"background-color":"","background-image":"","background-repeat":"repeat","background-position":"center center","background-size":"auto","background-attachment":"scroll","background-type":"","background-media":"","overlay-type":"","overlay-color":"","overlay-opacity":"","overlay-gradient":""},"tablet":{"background-color":"","background-image":"","background-repeat":"repeat","background-position":"center center","background-size":"auto","background-attachment":"scroll","background-type":"","background-media":"","overlay-type":"","overlay-color":"","overlay-opacity":"","overlay-gradient":""},"mobile":{"background-color":"","background-image":"","background-repeat":"repeat","background-position":"center center","background-size":"auto","background-attachment":"scroll","background-type":"","background-media":"","overlay-type":"","overlay-color":"","overlay-opacity":"","overlay-gradient":""}},"ast-content-background-meta":{"desktop":{"background-color":"var(--ast-global-color-5)","background-image":"","background-repeat":"repeat","background-position":"center center","background-size":"auto","background-attachment":"scroll","background-type":"","background-media":"","overlay-type":"","overlay-color":"","overlay-opacity":"","overlay-gradient":""},"tablet":{"background-color":"var(--ast-global-color-5)","background-image":"","background-repeat":"repeat","background-position":"center center","background-size":"auto","background-attachment":"scroll","background-type":"","background-media":"","overlay-type":"","overlay-color":"","overlay-opacity":"","overlay-gradient":""},"mobile":{"background-color":"var(--ast-global-color-5)","background-image":"","background-repeat":"repeat","background-position":"center center","background-size":"auto","background-attachment":"scroll","background-type":"","background-media":"","overlay-type":"","overlay-color":"","overlay-opacity":"","overlay-gradient":""}}},"product_brand":[],"product_cat":[40],"product_tag":[],"class_list":{"0":"post-3417","1":"product","2":"type-product","3":"status-publish","4":"has-post-thumbnail","6":"product_cat-40","7":"desktop-align-center","8":"tablet-align-left","9":"mobile-align-left","11":"first","12":"instock","13":"shipping-taxable","14":"product-type-external"},"_links":{"self":[{"href":"https:\/\/abarkhyr.com\/fr\/wp-json\/wp\/v2\/product\/3417","targetHints":{"allow":["GET"]}}],"collection":[{"href":"https:\/\/abarkhyr.com\/fr\/wp-json\/wp\/v2\/product"}],"about":[{"href":"https:\/\/abarkhyr.com\/fr\/wp-json\/wp\/v2\/types\/product"}],"wp:featuredmedia":[{"embeddable":true,"href":"https:\/\/abarkhyr.com\/fr\/wp-json\/wp\/v2\/media\/5038"}],"wp:attachment":[{"href":"https:\/\/abarkhyr.com\/fr\/wp-json\/wp\/v2\/media?parent=3417"}],"wp:term":[{"taxonomy":"product_brand","embeddable":true,"href":"https:\/\/abarkhyr.com\/fr\/wp-json\/wp\/v2\/product_brand?post=3417"},{"taxonomy":"product_cat","embeddable":true,"href":"https:\/\/abarkhyr.com\/fr\/wp-json\/wp\/v2\/product_cat?post=3417"},{"taxonomy":"product_tag","embeddable":true,"href":"https:\/\/abarkhyr.com\/fr\/wp-json\/wp\/v2\/product_tag?post=3417"}],"curies":[{"name":"wp","href":"https:\/\/api.w.org\/{rel}","templated":true}]}}