{"id":3413,"date":"2024-10-26T09:51:42","date_gmt":"2024-10-26T09:51:42","guid":{"rendered":"https:\/\/abarkhyr.com\/?post_type=product&#038;p=3413"},"modified":"2025-12-12T11:29:37","modified_gmt":"2025-12-12T11:29:37","slug":"un-puits-avec-reservoir-pour-tout-un-village-au-niger","status":"publish","type":"product","link":"https:\/\/abarkhyr.com\/fr\/product\/un-puits-avec-reservoir-pour-tout-un-village-au-niger\/","title":{"rendered":"Un puits avec r\u00e9servoir pour tout un village au Niger-Cameroun"},"content":{"rendered":"<div><strong>Ce puits est l&#039;un des plus importants projets d&#039;adduction d&#039;eau que nous mettons en \u0153uvre au Niger, au Cameroun et au Tchad, et il est g\u00e9n\u00e9ralement construit \u00e0 proximit\u00e9 d&#039;une mosqu\u00e9e desservant un grand village.<\/strong><\/div>\n<div><strong>Il a \u00e9t\u00e9 con\u00e7u pour \u00eatre un centre n\u00e9vralgique fournissant de l&#039;eau potable \u00e0 plus de 400 personnes par jour, dont des hommes, des femmes, des enfants et des personnes \u00e2g\u00e9es.<\/strong><\/div>\n<div><\/div>\n<div>\u2e3b<\/div>\n<div><\/div>\n<div><strong>\u2705 Avantages du projet<\/strong><\/div>\n<div>\u2022Plusieurs robinets pour les ablutions et l&#039;approvisionnement en eau<\/div>\n<div>Dot\u00e9 de plusieurs robinets permettant une utilisation pratique et rapide, notamment pendant les heures de pri\u00e8re, o\u00f9 plusieurs personnes peuvent faire leurs ablutions ou remplir leurs r\u00e9cipients d&#039;eau simultan\u00e9ment.<\/div>\n<div>\u2022 Grand r\u00e9servoir d&#039;une capacit\u00e9 de 1000 litres<\/div>\n<div>Elle stocke des quantit\u00e9s d&#039;eau suffisantes pour r\u00e9pondre aux besoins quotidiens et r\u00e9duit la n\u00e9cessit\u00e9 de faire fonctionner la pompe \u00e9lectrique en continu, ce qui permet d&#039;\u00e9conomiser de l&#039;\u00e9nergie et d&#039;assurer un approvisionnement continu m\u00eame en cas de panne de courant.<\/div>\n<div>\u2022 Des usages diversifi\u00e9s au service de la communaut\u00e9<\/div>\n<div>Le puits sert \u00e0 l&#039;approvisionnement en eau potable, \u00e0 l&#039;hygi\u00e8ne, \u00e0 la cuisine, \u00e0 la gestion du foyer et m\u00eame au jardinage, ce qui en fait un pilier fondamental d&#039;une vie d\u00e9cente.<\/div>\n<div><\/div>\n<div>\u2e3b<\/div>\n<div><\/div>\n<div><strong>\ud83d\udccc D\u00e9tails du projet<\/strong><\/div>\n<div>\u2022Localisation\u00a0: Niger \u2013 Cameroun \u2013 Tchad<\/div>\n<div>\u2022 Nombre de b\u00e9n\u00e9ficiaires : entre 300 et 400 personnes<\/div>\n<div>\u2022 Profondeur du puits : 50 \u00e0 60 m\u00e8tres<\/div>\n<div>\u2022 Capacit\u00e9 du r\u00e9servoir : 1000 litres<\/div>\n<div>\u2022 Dur\u00e9e de conservation : Permanente<\/div>\n<div>\u2022 Entretien r\u00e9gulier : une fois tous les 12 mois<\/div>\n<div><\/div>\n<div>\u2e3b<\/div>\n<div><\/div>\n<div><strong>\ud83c\udf81 Un document unique \u00e0 votre nom \u2013 une exp\u00e9rience humaine inspirante \u2728<\/strong><\/div>\n<div>\u2022Le projet sera r\u00e9alis\u00e9 en votre nom ou au nom de la personne \u00e0 qui vous le d\u00e9dierez.<\/div>\n<div>\u2022 Documentation compl\u00e8te avec photos et vid\u00e9os, de l&#039;excavation \u00e0 la livraison<\/div>\n<div>\u2022Vous fournir la localisation g\u00e9ographique pr\u00e9cise du puits afin que vous puissiez suivre le sentier vous-m\u00eame<\/div>\n<div><\/div>\n<div>\u2e3b<\/div>\n<div><\/div>\n<div><strong>\ud83c\udf0d Un seul puits\u2026 alimente en eau tout un village<\/strong><\/div>\n<div><\/div>\n<div><strong>En soutenant ce projet, vous permettez \u00e0 des centaines de personnes d&#039;acc\u00e9der \u00e0 l&#039;eau potable.<\/strong><\/div>\n<div><strong>Faites de votre don un acte de charit\u00e9 continu qui dure des d\u00e9cennies et nourrit les \u00e2mes avant les corps.<\/strong><\/div>","protected":false},"excerpt":{"rendered":"<p><strong>Localisation du projet\u00a0: Niger \u2013 Cameroun \u2013 Tchad<\/strong><br \/>\n<strong>Nombre de b\u00e9n\u00e9ficiaires : 300-400<\/strong><br \/>\n<strong>Profondeur : 50-60 m\u00e8tres<\/strong><br \/>\n<strong>Dur\u00e9e de vie : Permanente<\/strong><br \/>\n<strong>Maintenance : tous les 12 mois<\/strong><\/p>","protected":false},"featured_media":5037,"template":"","meta":{"site-sidebar-layout":"default","site-content-layout":"","ast-site-content-layout":"default","site-content-style":"default","site-sidebar-style":"default","ast-global-header-display":"","ast-banner-title-visibility":"","ast-main-header-display":"","ast-hfb-above-header-display":"","ast-hfb-below-header-display":"","ast-hfb-mobile-header-display":"","site-post-title":"","ast-breadcrumbs-content":"","ast-featured-img":"","footer-sml-layout":"","ast-disable-related-posts":"","theme-transparent-header-meta":"default","adv-header-id-meta":"","stick-header-meta":"","header-above-stick-meta":"","header-main-stick-meta":"","header-below-stick-meta":"","astra-migrate-meta-layouts":"set","ast-page-background-enabled":"default","ast-page-background-meta":{"desktop":{"background-color":"","background-image":"","background-repeat":"repeat","background-position":"center center","background-size":"auto","background-attachment":"scroll","background-type":"","background-media":"","overlay-type":"","overlay-color":"","overlay-opacity":"","overlay-gradient":""},"tablet":{"background-color":"","background-image":"","background-repeat":"repeat","background-position":"center center","background-size":"auto","background-attachment":"scroll","background-type":"","background-media":"","overlay-type":"","overlay-color":"","overlay-opacity":"","overlay-gradient":""},"mobile":{"background-color":"","background-image":"","background-repeat":"repeat","background-position":"center center","background-size":"auto","background-attachment":"scroll","background-type":"","background-media":"","overlay-type":"","overlay-color":"","overlay-opacity":"","overlay-gradient":""}},"ast-content-background-meta":{"desktop":{"background-color":"var(--ast-global-color-5)","background-image":"","background-repeat":"repeat","background-position":"center center","background-size":"auto","background-attachment":"scroll","background-type":"","background-media":"","overlay-type":"","overlay-color":"","overlay-opacity":"","overlay-gradient":""},"tablet":{"background-color":"var(--ast-global-color-5)","background-image":"","background-repeat":"repeat","background-position":"center center","background-size":"auto","background-attachment":"scroll","background-type":"","background-media":"","overlay-type":"","overlay-color":"","overlay-opacity":"","overlay-gradient":""},"mobile":{"background-color":"var(--ast-global-color-5)","background-image":"","background-repeat":"repeat","background-position":"center center","background-size":"auto","background-attachment":"scroll","background-type":"","background-media":"","overlay-type":"","overlay-color":"","overlay-opacity":"","overlay-gradient":""}}},"product_brand":[],"product_cat":[40],"product_tag":[],"class_list":{"0":"post-3413","1":"product","2":"type-product","3":"status-publish","4":"has-post-thumbnail","6":"product_cat-40","7":"desktop-align-center","8":"tablet-align-left","9":"mobile-align-left","11":"first","12":"instock","13":"shipping-taxable","14":"product-type-external"},"_links":{"self":[{"href":"https:\/\/abarkhyr.com\/fr\/wp-json\/wp\/v2\/product\/3413","targetHints":{"allow":["GET"]}}],"collection":[{"href":"https:\/\/abarkhyr.com\/fr\/wp-json\/wp\/v2\/product"}],"about":[{"href":"https:\/\/abarkhyr.com\/fr\/wp-json\/wp\/v2\/types\/product"}],"wp:featuredmedia":[{"embeddable":true,"href":"https:\/\/abarkhyr.com\/fr\/wp-json\/wp\/v2\/media\/5037"}],"wp:attachment":[{"href":"https:\/\/abarkhyr.com\/fr\/wp-json\/wp\/v2\/media?parent=3413"}],"wp:term":[{"taxonomy":"product_brand","embeddable":true,"href":"https:\/\/abarkhyr.com\/fr\/wp-json\/wp\/v2\/product_brand?post=3413"},{"taxonomy":"product_cat","embeddable":true,"href":"https:\/\/abarkhyr.com\/fr\/wp-json\/wp\/v2\/product_cat?post=3413"},{"taxonomy":"product_tag","embeddable":true,"href":"https:\/\/abarkhyr.com\/fr\/wp-json\/wp\/v2\/product_tag?post=3413"}],"curies":[{"name":"wp","href":"https:\/\/api.w.org\/{rel}","templated":true}]}}