{"id":3404,"date":"2024-10-21T18:58:40","date_gmt":"2024-10-21T18:58:40","guid":{"rendered":"https:\/\/abarkhyr.com\/?post_type=product&#038;p=3404"},"modified":"2026-02-15T14:13:10","modified_gmt":"2026-02-15T14:13:10","slug":"puits-artesien-au-pakistan-avec-pompe-manuelle","status":"publish","type":"product","link":"https:\/\/abarkhyr.com\/fr\/product\/puits-artesien-au-pakistan-avec-pompe-manuelle\/","title":{"rendered":"Puits art\u00e9sien au Pakistan avec pompe manuelle"},"content":{"rendered":"<p>L&#039;un de nos puits les plus vendus au Pakistan sera construit pour environ 25 personnes. Il desservira une famille nombreuse, o\u00f9 parents \u00e2g\u00e9s, enfants et petits-enfants vivent sous le m\u00eame toit. Le puits est install\u00e9 \u00e0 l&#039;int\u00e9rieur de la maison familiale afin d&#039;\u00e9viter le vol de la pompe et sa revente \u00e0 bas prix. Sa popularit\u00e9 s&#039;explique par son prix abordable et sa rapidit\u00e9 d&#039;ex\u00e9cution. Ce puits fournira \u00e0 cette famille de l&#039;eau potable pour les g\u00e9n\u00e9rations \u00e0 venir, pendant environ 35 ans. Son co\u00fbt de construction est faible car il est r\u00e9alis\u00e9 manuellement et ne n\u00e9cessite pas d&#039;\u00e9quipement de forage co\u00fbteux comme ceux utilis\u00e9s en Afrique. Gr\u00e2ce \u00e0 son excellente pompe manuelle, l&#039;eau ne n\u00e9cessite pas d&#039;\u00e9lectricit\u00e9. Comme tous nos puits, il constituera la principale source d&#039;eau pour les familles b\u00e9n\u00e9ficiaires, pour la cuisine, les t\u00e2ches m\u00e9nag\u00e8res et l&#039;hygi\u00e8ne. Une fois le puits construit \u00e0 votre nom (ou selon votre choix), vous recevrez de nombreuses photos et vid\u00e9os documentant le processus de construction, avant et apr\u00e8s les travaux. Vous recevrez \u00e9galement l&#039;emplacement exact du puits.<br \/>\nLieu du projet : Pakistan<br \/>\nPersonnes qui en b\u00e9n\u00e9ficieront : 24-25<br \/>\n<strong>Profondeur : 60 m\u00e8tres<\/strong><br \/>\nEsp\u00e9rance de vie : Minimum 30 \u00e0 35 ans<br \/>\nMaintenance : tous les 12 mois<\/p>","protected":false},"excerpt":{"rendered":"<p>Lieu du projet : Pakistan<br \/>\nPersonnes qui en b\u00e9n\u00e9ficieront : 24-25<br \/>\n<strong>Profondeur : 60 m\u00e8tres<\/strong><br \/>\nEsp\u00e9rance de vie : Minimum 30 \u00e0 35 ans<br \/>\nMaintenance : tous les 12 mois<\/p>","protected":false},"featured_media":4461,"template":"","meta":{"site-sidebar-layout":"default","site-content-layout":"","ast-site-content-layout":"default","site-content-style":"default","site-sidebar-style":"default","ast-global-header-display":"","ast-banner-title-visibility":"","ast-main-header-display":"","ast-hfb-above-header-display":"","ast-hfb-below-header-display":"","ast-hfb-mobile-header-display":"","site-post-title":"","ast-breadcrumbs-content":"","ast-featured-img":"","footer-sml-layout":"","ast-disable-related-posts":"","theme-transparent-header-meta":"default","adv-header-id-meta":"","stick-header-meta":"","header-above-stick-meta":"","header-main-stick-meta":"","header-below-stick-meta":"","astra-migrate-meta-layouts":"set","ast-page-background-enabled":"default","ast-page-background-meta":{"desktop":{"background-color":"","background-image":"","background-repeat":"repeat","background-position":"center center","background-size":"auto","background-attachment":"scroll","background-type":"","background-media":"","overlay-type":"","overlay-color":"","overlay-opacity":"","overlay-gradient":""},"tablet":{"background-color":"","background-image":"","background-repeat":"repeat","background-position":"center center","background-size":"auto","background-attachment":"scroll","background-type":"","background-media":"","overlay-type":"","overlay-color":"","overlay-opacity":"","overlay-gradient":""},"mobile":{"background-color":"","background-image":"","background-repeat":"repeat","background-position":"center center","background-size":"auto","background-attachment":"scroll","background-type":"","background-media":"","overlay-type":"","overlay-color":"","overlay-opacity":"","overlay-gradient":""}},"ast-content-background-meta":{"desktop":{"background-color":"var(--ast-global-color-5)","background-image":"","background-repeat":"repeat","background-position":"center center","background-size":"auto","background-attachment":"scroll","background-type":"","background-media":"","overlay-type":"","overlay-color":"","overlay-opacity":"","overlay-gradient":""},"tablet":{"background-color":"var(--ast-global-color-5)","background-image":"","background-repeat":"repeat","background-position":"center center","background-size":"auto","background-attachment":"scroll","background-type":"","background-media":"","overlay-type":"","overlay-color":"","overlay-opacity":"","overlay-gradient":""},"mobile":{"background-color":"var(--ast-global-color-5)","background-image":"","background-repeat":"repeat","background-position":"center center","background-size":"auto","background-attachment":"scroll","background-type":"","background-media":"","overlay-type":"","overlay-color":"","overlay-opacity":"","overlay-gradient":""}}},"product_brand":[],"product_cat":[40],"product_tag":[],"class_list":{"0":"post-3404","1":"product","2":"type-product","3":"status-publish","4":"has-post-thumbnail","6":"product_cat-40","7":"desktop-align-center","8":"tablet-align-left","9":"mobile-align-left","11":"first","12":"instock","13":"virtual","14":"purchasable","15":"product-type-simple"},"_links":{"self":[{"href":"https:\/\/abarkhyr.com\/fr\/wp-json\/wp\/v2\/product\/3404","targetHints":{"allow":["GET"]}}],"collection":[{"href":"https:\/\/abarkhyr.com\/fr\/wp-json\/wp\/v2\/product"}],"about":[{"href":"https:\/\/abarkhyr.com\/fr\/wp-json\/wp\/v2\/types\/product"}],"wp:featuredmedia":[{"embeddable":true,"href":"https:\/\/abarkhyr.com\/fr\/wp-json\/wp\/v2\/media\/4461"}],"wp:attachment":[{"href":"https:\/\/abarkhyr.com\/fr\/wp-json\/wp\/v2\/media?parent=3404"}],"wp:term":[{"taxonomy":"product_brand","embeddable":true,"href":"https:\/\/abarkhyr.com\/fr\/wp-json\/wp\/v2\/product_brand?post=3404"},{"taxonomy":"product_cat","embeddable":true,"href":"https:\/\/abarkhyr.com\/fr\/wp-json\/wp\/v2\/product_cat?post=3404"},{"taxonomy":"product_tag","embeddable":true,"href":"https:\/\/abarkhyr.com\/fr\/wp-json\/wp\/v2\/product_tag?post=3404"}],"curies":[{"name":"wp","href":"https:\/\/api.w.org\/{rel}","templated":true}]}}