{"id":3399,"date":"2024-10-21T18:57:04","date_gmt":"2024-10-21T18:57:04","guid":{"rendered":"https:\/\/abarkhyr.com\/?post_type=product&#038;p=3399"},"modified":"2025-12-12T11:28:12","modified_gmt":"2025-12-12T11:28:12","slug":"puits-artesien-avec-pompe-manuelle-afrique","status":"publish","type":"product","link":"https:\/\/abarkhyr.com\/fr\/product\/puits-artesien-avec-pompe-manuelle-afrique\/","title":{"rendered":"Puits art\u00e9sien avec pompe manuelle, Afrique, Niger"},"content":{"rendered":"<div><strong>Ce puits traditionnel a \u00e9t\u00e9 con\u00e7u pour r\u00e9pondre aux besoins des villages souffrant de graves p\u00e9nuries d&#039;eau et d&#039;un manque d&#039;\u00e9lectricit\u00e9, et il constitue une v\u00e9ritable bou\u00e9e de sauvetage pour plus de 120 personnes, soit l&#039;\u00e9quivalent d&#039;environ 15 familles, voire plus.<\/strong><\/div>\n<div><strong>Ce puits constitue une source primordiale d&#039;eau potable, en plus de son utilisation pour l&#039;hygi\u00e8ne, la cuisine, la gestion du foyer et m\u00eame l&#039;agriculture.<\/strong><\/div>\n<div><\/div>\n<div>\u2e3b<\/div>\n<div><\/div>\n<div><strong>\u2705 Avantages du projet<\/strong><\/div>\n<div>\u2022 Extraction d&#039;eau \u00e0 l&#039;aide de seaux \u2013 sans \u00e9lectricit\u00e9<\/div>\n<div>Dot\u00e9 d&#039;un m\u00e9canisme traditionnel utilisant plusieurs seaux, il permet \u00e0 plusieurs personnes de puiser de l&#039;eau simultan\u00e9ment, facilitant ainsi l&#039;acc\u00e8s \u00e0 l&#039;eau pour les femmes et les hommes.<\/div>\n<div>\u2022 Service polyvalent<\/div>\n<div>Elle fournit de l&#039;eau potable, pour l&#039;hygi\u00e8ne et les besoins domestiques, et soutient les activit\u00e9s agricoles quotidiennes, am\u00e9liorant ainsi la stabilit\u00e9 de la vie des habitants du village.<\/div>\n<div><\/div>\n<div>\u2e3b<\/div>\n<div><\/div>\n<div><strong>\ud83d\udccc D\u00e9tails du projet<\/strong><\/div>\n<div>\u2022Lieu : Niger<\/div>\n<div>\u2022 Nombre de b\u00e9n\u00e9ficiaires : plus de 120 personnes (environ 15 familles ou plus)<\/div>\n<div>\u2022<strong>Profondeur : 60 m\u00e8tres<\/strong><\/div>\n<div>\u2022 Dur\u00e9e de conservation : Permanente<\/div>\n<div>\u2022 Maintenance de routine\u00a0: une fois tous les 12\u00a0mois pour maintenir des performances stables<\/div>\n<div><\/div>\n<div>\u2e3b<\/div>\n<div><\/div>\n<div><strong>\ud83c\udf81 Une exp\u00e9rience de v\u00e9rification personnalis\u00e9e avec votre nom \u2728<\/strong><\/div>\n<div>\u2022Le puits sera construit \u00e0 votre nom ou au nom de la personne \u00e0 qui vous d\u00e9dierez le projet.<\/div>\n<div>\u2022 Vous recevrez des photos et des vid\u00e9os d\u00e9taill\u00e9es documentant les phases d&#039;excavation et de construction.<\/div>\n<div>\u2022 Les coordonn\u00e9es g\u00e9ographiques pr\u00e9cises du puits vous seront communiqu\u00e9es afin que vous puissiez suivre vous-m\u00eame le projet.<\/div>\n<div><\/div>\n<div>\u2e3b<\/div>\n<div><\/div>\n<div><strong>\ud83c\udf0d Contribuez \u00e0 avoir un impact<\/strong><\/div>\n<div><\/div>\n<div><strong>Dans les r\u00e9gions touch\u00e9es par la soif, un seul puits peut changer la vie de centaines de personnes.<\/strong><\/div>\n<div><strong>En contribuant, vous donnez \u00e0 tout un village l&#039;acc\u00e8s \u00e0 l&#039;eau potable \u2013 un droit humain fondamental.<\/strong><\/div>","protected":false},"excerpt":{"rendered":"<p><strong>Localisation du projet\u00a0: Niger, Cameroun, Tchad<\/strong><br \/>\n<strong>Personnes qui en b\u00e9n\u00e9ficieront : 180<\/strong><br \/>\n<strong>Profondeur : 60 m\u00e8tres<\/strong><br \/>\n<strong>Dur\u00e9e de vie : Permanente<\/strong><br \/>\n<strong>Maintenance : tous les 12 mois<\/strong><\/p>","protected":false},"featured_media":5036,"template":"","meta":{"site-sidebar-layout":"default","site-content-layout":"","ast-site-content-layout":"default","site-content-style":"default","site-sidebar-style":"default","ast-global-header-display":"","ast-banner-title-visibility":"","ast-main-header-display":"","ast-hfb-above-header-display":"","ast-hfb-below-header-display":"","ast-hfb-mobile-header-display":"","site-post-title":"","ast-breadcrumbs-content":"","ast-featured-img":"","footer-sml-layout":"","ast-disable-related-posts":"","theme-transparent-header-meta":"default","adv-header-id-meta":"","stick-header-meta":"","header-above-stick-meta":"","header-main-stick-meta":"","header-below-stick-meta":"","astra-migrate-meta-layouts":"set","ast-page-background-enabled":"default","ast-page-background-meta":{"desktop":{"background-color":"","background-image":"","background-repeat":"repeat","background-position":"center center","background-size":"auto","background-attachment":"scroll","background-type":"","background-media":"","overlay-type":"","overlay-color":"","overlay-opacity":"","overlay-gradient":""},"tablet":{"background-color":"","background-image":"","background-repeat":"repeat","background-position":"center center","background-size":"auto","background-attachment":"scroll","background-type":"","background-media":"","overlay-type":"","overlay-color":"","overlay-opacity":"","overlay-gradient":""},"mobile":{"background-color":"","background-image":"","background-repeat":"repeat","background-position":"center center","background-size":"auto","background-attachment":"scroll","background-type":"","background-media":"","overlay-type":"","overlay-color":"","overlay-opacity":"","overlay-gradient":""}},"ast-content-background-meta":{"desktop":{"background-color":"var(--ast-global-color-5)","background-image":"","background-repeat":"repeat","background-position":"center center","background-size":"auto","background-attachment":"scroll","background-type":"","background-media":"","overlay-type":"","overlay-color":"","overlay-opacity":"","overlay-gradient":""},"tablet":{"background-color":"var(--ast-global-color-5)","background-image":"","background-repeat":"repeat","background-position":"center center","background-size":"auto","background-attachment":"scroll","background-type":"","background-media":"","overlay-type":"","overlay-color":"","overlay-opacity":"","overlay-gradient":""},"mobile":{"background-color":"var(--ast-global-color-5)","background-image":"","background-repeat":"repeat","background-position":"center center","background-size":"auto","background-attachment":"scroll","background-type":"","background-media":"","overlay-type":"","overlay-color":"","overlay-opacity":"","overlay-gradient":""}}},"product_brand":[],"product_cat":[40],"product_tag":[],"class_list":{"0":"post-3399","1":"product","2":"type-product","3":"status-publish","4":"has-post-thumbnail","6":"product_cat-40","7":"desktop-align-center","8":"tablet-align-left","9":"mobile-align-left","11":"first","12":"instock","13":"shipping-taxable","14":"product-type-external"},"_links":{"self":[{"href":"https:\/\/abarkhyr.com\/fr\/wp-json\/wp\/v2\/product\/3399","targetHints":{"allow":["GET"]}}],"collection":[{"href":"https:\/\/abarkhyr.com\/fr\/wp-json\/wp\/v2\/product"}],"about":[{"href":"https:\/\/abarkhyr.com\/fr\/wp-json\/wp\/v2\/types\/product"}],"wp:featuredmedia":[{"embeddable":true,"href":"https:\/\/abarkhyr.com\/fr\/wp-json\/wp\/v2\/media\/5036"}],"wp:attachment":[{"href":"https:\/\/abarkhyr.com\/fr\/wp-json\/wp\/v2\/media?parent=3399"}],"wp:term":[{"taxonomy":"product_brand","embeddable":true,"href":"https:\/\/abarkhyr.com\/fr\/wp-json\/wp\/v2\/product_brand?post=3399"},{"taxonomy":"product_cat","embeddable":true,"href":"https:\/\/abarkhyr.com\/fr\/wp-json\/wp\/v2\/product_cat?post=3399"},{"taxonomy":"product_tag","embeddable":true,"href":"https:\/\/abarkhyr.com\/fr\/wp-json\/wp\/v2\/product_tag?post=3399"}],"curies":[{"name":"wp","href":"https:\/\/api.w.org\/{rel}","templated":true}]}}