{"id":2962,"date":"2024-09-03T08:50:12","date_gmt":"2024-09-03T08:50:12","guid":{"rendered":"https:\/\/abarkhyr.com\/?post_type=product&#038;p=2962"},"modified":"2025-12-12T11:26:52","modified_gmt":"2025-12-12T11:26:52","slug":"puits-deau-avec-pompe-electrique","status":"publish","type":"product","link":"https:\/\/abarkhyr.com\/fr\/product\/puits-deau-avec-pompe-electrique\/","title":{"rendered":"Puits d&#039;eau avec pompe \u00e9lectrique"},"content":{"rendered":"<div><strong>Un grand puits \u00e9quip\u00e9 d&#039;une pompe \u00e9lectrique \u2013 un projet d&#039;adduction d&#039;eau desservant des quartiers r\u00e9sidentiels en Asie du Sud<\/strong><\/div>\n<div><\/div>\n<div><strong>Ce puits est l&#039;un de nos plus grands projets en Asie du Sud, et il se caract\u00e9rise par son co\u00fbt raisonnable et sa conception pratique qui dessert plus de 50 personnes, ce qui \u00e9quivaut \u00e0 5 maisons ou plus.<\/strong><\/div>\n<div><strong>Il est en cours de construction dans de petits quartiers en Inde, au N\u00e9pal et au Bangladesh, afin de fournir de l&#039;eau potable de mani\u00e8re continue et facile.<\/strong><\/div>\n<div><\/div>\n<div>\u2e3b<\/div>\n<div><\/div>\n<div><strong>\u2705 Avantages du projet<\/strong><\/div>\n<div>\u2022 Acc\u00e8s constant \u00e0 l&#039;eau potable propre<\/div>\n<div>Elle fournit quotidiennement de l&#039;eau potable gratuite aux habitants, am\u00e9liorant ainsi la sant\u00e9 et les conditions de vie dans la r\u00e9gion.<\/div>\n<div>\u2022 Pompe \u00e9lectrique facile \u00e0 utiliser<\/div>\n<div>Il facilite le processus de pr\u00e9l\u00e8vement d&#039;eau pour les usages quotidiens tels que boire, cuisiner et faire le m\u00e9nage.<\/div>\n<div>\u2022Plusieurs robinets<\/div>\n<div>Il permet \u00e0 plusieurs personnes d&#039;acc\u00e9der rapidement et facilement \u00e0 l&#039;eau simultan\u00e9ment, sans attente.<\/div>\n<div>\u2022 Pompe \u00e0 main de secours<\/div>\n<div>Il assure un approvisionnement en eau continu m\u00eame en cas de panne de courant, garantissant ainsi une alimentation en eau sans interruption.<\/div>\n<div><\/div>\n<div>\u2e3b<\/div>\n<div><\/div>\n<div><strong>\ud83d\udccc D\u00e9tails du projet<\/strong><\/div>\n<div>\u2022<strong>le site<\/strong>Inde \u2013 N\u00e9pal \u2013 Bangladesh<\/div>\n<div>\u2022<strong>Nombre de b\u00e9n\u00e9ficiaires<\/strong>Environ 50 personnes<\/div>\n<div>\u2022<strong>Profondeur du puits<\/strong>20 m\u00e8tres<\/div>\n<div>\u2022<strong>Date d&#039;expiration<\/strong>\u00c2ge minimum : 15-20 ans<\/div>\n<div>\u2022<strong>entretien de routine<\/strong>: <strong> Gratuit <\/strong>\u00a0Afin de garantir l&#039;efficacit\u00e9 op\u00e9rationnelle et des performances optimales<\/div>\n<div><\/div>\n<div>\u2e3b<\/div>\n<div><\/div>\n<div><strong>\ud83c\udf81 Documentation unique \u00e0 votre nom \u2728<\/strong><\/div>\n<div>\u2022Le projet sera r\u00e9alis\u00e9 en votre nom ou au nom de la personne \u00e0 qui vous d\u00e9dierez cette \u0153uvre caritative.<\/div>\n<div>\u2022Vous recevrez des photos et des vid\u00e9os documentant toutes les \u00e9tapes de la construction<\/div>\n<div>\u2022 Vous recevrez la localisation g\u00e9ographique pr\u00e9cise du puits afin de pouvoir suivre l&#039;impact de votre contribution.<\/div>\n<div><\/div>\n<div>\u2e3b<\/div>\n<div><\/div>\n<div><strong>\ud83c\udf0d Faites de vos dons une source de vie<\/strong><\/div>\n<div><\/div>\n<div><strong>Un projet simple, mais \u00e0 l&#039;impact profond.<\/strong><\/div>\n<div><strong>Gr\u00e2ce \u00e0 votre contribution, vous offrez \u00e0 plus de 50 personnes un droit fondamental \u00e0 la vie : l&#039;acc\u00e8s \u00e0 l&#039;eau potable.<\/strong><\/div>","protected":false},"excerpt":{"rendered":"<p><strong>Lieu\u00a0: Inde \u2013 N\u00e9pal \u2013 Bangladesh<\/strong><br \/>\n<strong>Nombre de b\u00e9n\u00e9ficiaires : 50 personnes<\/strong><br \/>\n<strong>Profondeur du puits : 20 m\u00e8tres<\/strong><br \/>\n<strong>Dur\u00e9e de vie : Minimum 15 \u00e0 20 ans<\/strong><br \/>\n<strong>Maintenance : Gratuite pour garantir de bonnes performances.<\/strong><\/p>","protected":false},"featured_media":5035,"template":"","meta":{"site-sidebar-layout":"default","site-content-layout":"","ast-site-content-layout":"default","site-content-style":"default","site-sidebar-style":"default","ast-global-header-display":"","ast-banner-title-visibility":"","ast-main-header-display":"","ast-hfb-above-header-display":"","ast-hfb-below-header-display":"","ast-hfb-mobile-header-display":"","site-post-title":"","ast-breadcrumbs-content":"","ast-featured-img":"","footer-sml-layout":"","ast-disable-related-posts":"","theme-transparent-header-meta":"default","adv-header-id-meta":"","stick-header-meta":"","header-above-stick-meta":"","header-main-stick-meta":"","header-below-stick-meta":"","astra-migrate-meta-layouts":"set","ast-page-background-enabled":"default","ast-page-background-meta":{"desktop":{"background-color":"","background-image":"","background-repeat":"repeat","background-position":"center center","background-size":"auto","background-attachment":"scroll","background-type":"","background-media":"","overlay-type":"","overlay-color":"","overlay-opacity":"","overlay-gradient":""},"tablet":{"background-color":"","background-image":"","background-repeat":"repeat","background-position":"center center","background-size":"auto","background-attachment":"scroll","background-type":"","background-media":"","overlay-type":"","overlay-color":"","overlay-opacity":"","overlay-gradient":""},"mobile":{"background-color":"","background-image":"","background-repeat":"repeat","background-position":"center center","background-size":"auto","background-attachment":"scroll","background-type":"","background-media":"","overlay-type":"","overlay-color":"","overlay-opacity":"","overlay-gradient":""}},"ast-content-background-meta":{"desktop":{"background-color":"var(--ast-global-color-5)","background-image":"","background-repeat":"repeat","background-position":"center center","background-size":"auto","background-attachment":"scroll","background-type":"","background-media":"","overlay-type":"","overlay-color":"","overlay-opacity":"","overlay-gradient":""},"tablet":{"background-color":"var(--ast-global-color-5)","background-image":"","background-repeat":"repeat","background-position":"center center","background-size":"auto","background-attachment":"scroll","background-type":"","background-media":"","overlay-type":"","overlay-color":"","overlay-opacity":"","overlay-gradient":""},"mobile":{"background-color":"var(--ast-global-color-5)","background-image":"","background-repeat":"repeat","background-position":"center center","background-size":"auto","background-attachment":"scroll","background-type":"","background-media":"","overlay-type":"","overlay-color":"","overlay-opacity":"","overlay-gradient":""}}},"product_brand":[],"product_cat":[40],"product_tag":[],"class_list":{"0":"post-2962","1":"product","2":"type-product","3":"status-publish","4":"has-post-thumbnail","6":"product_cat-40","7":"desktop-align-center","8":"tablet-align-left","9":"mobile-align-left","11":"first","12":"instock","13":"shipping-taxable","14":"product-type-external"},"_links":{"self":[{"href":"https:\/\/abarkhyr.com\/fr\/wp-json\/wp\/v2\/product\/2962","targetHints":{"allow":["GET"]}}],"collection":[{"href":"https:\/\/abarkhyr.com\/fr\/wp-json\/wp\/v2\/product"}],"about":[{"href":"https:\/\/abarkhyr.com\/fr\/wp-json\/wp\/v2\/types\/product"}],"wp:featuredmedia":[{"embeddable":true,"href":"https:\/\/abarkhyr.com\/fr\/wp-json\/wp\/v2\/media\/5035"}],"wp:attachment":[{"href":"https:\/\/abarkhyr.com\/fr\/wp-json\/wp\/v2\/media?parent=2962"}],"wp:term":[{"taxonomy":"product_brand","embeddable":true,"href":"https:\/\/abarkhyr.com\/fr\/wp-json\/wp\/v2\/product_brand?post=2962"},{"taxonomy":"product_cat","embeddable":true,"href":"https:\/\/abarkhyr.com\/fr\/wp-json\/wp\/v2\/product_cat?post=2962"},{"taxonomy":"product_tag","embeddable":true,"href":"https:\/\/abarkhyr.com\/fr\/wp-json\/wp\/v2\/product_tag?post=2962"}],"curies":[{"name":"wp","href":"https:\/\/api.w.org\/{rel}","templated":true}]}}