{"id":2856,"date":"2024-08-31T14:32:42","date_gmt":"2024-08-31T14:32:42","guid":{"rendered":"https:\/\/abarkhyr.com\/?post_type=product&#038;p=2856"},"modified":"2025-12-12T11:34:27","modified_gmt":"2025-12-12T11:34:27","slug":"puits-deau-avec-pompe-manuelle","status":"publish","type":"product","link":"https:\/\/abarkhyr.com\/fr\/product\/puits-deau-avec-pompe-manuelle\/","title":{"rendered":"puits peu profond manuel"},"content":{"rendered":"<div><strong>\ud83d\udca7 Puits d&#039;eau manuel \u2013 l&#039;un de nos projets les plus demand\u00e9s en Inde, au N\u00e9pal et au Bangladesh<\/strong><\/div>\n<div><\/div>\n<div><strong>Le puits manuel est l&#039;un des projets d&#039;approvisionnement en eau les plus performants et les plus connus d&#039;Asie du Sud, desservant jusqu&#039;\u00e0 22 personnes (2 \u00e0 3 familles). Il se caract\u00e9rise par son faible co\u00fbt et sa rapidit\u00e9 d&#039;ex\u00e9cution, ce qui en fait le choix id\u00e9al pour ceux qui souhaitent avoir un impact humanitaire direct et durable.<\/strong><\/div>\n<div><\/div>\n<div><strong>\u2705 Pourquoi ce puits ?<\/strong><\/div>\n<div>\u2022 Une source d&#039;eau propre et continue<\/div>\n<div>Le puits fournit une eau propre aux usages quotidiens tels que la boisson, la cuisine, le nettoyage et l&#039;hygi\u00e8ne personnelle, ce qui contribue \u00e0 am\u00e9liorer la qualit\u00e9 de vie des familles b\u00e9n\u00e9ficiaires.<\/div>\n<div>\u2022 Pompe manuelle \u2013 aucune \u00e9lectricit\u00e9 requise<\/div>\n<div>Dot\u00e9 d&#039;une pompe manuelle facile \u00e0 utiliser qui ne n\u00e9cessite pas d&#039;alimentation \u00e9lectrique, il est id\u00e9al pour les zones recul\u00e9es ou celles qui subissent des coupures de courant fr\u00e9quentes.<\/div>\n<div>\u2022 Construction manuelle \u00e0 faible co\u00fbt<\/div>\n<div>Les travaux d&#039;excavation et de construction sont r\u00e9alis\u00e9s manuellement, sans avoir recours \u00e0 des engins lourds ni \u00e0 des technologies co\u00fbteuses, ce qui permet de proposer le projet \u00e0 un prix abordable sans compromettre la qualit\u00e9.<\/div>\n<div><\/div>\n<div>\u2e3b<\/div>\n<div><\/div>\n<div><strong>\ud83d\udccc D\u00e9tails du projet<\/strong><\/div>\n<div>\u2022Localisation\u00a0: Inde \u2013 N\u00e9pal \u2013 Bangladesh<\/div>\n<div>\u2022 Nombre de b\u00e9n\u00e9ficiaires : Jusqu&#039;\u00e0 22 personnes<\/div>\n<div>\u2022 Profondeur du puits : 25 m\u00e8tres<\/div>\n<div>\u2022 Dur\u00e9e de conservation : 15 \u00e0 20 ans (prolongeable avec un entretien r\u00e9gulier)<\/div>\n<div>\u2022 Maintenance r\u00e9guli\u00e8re : gratuite pour garantir des performances optimales<\/div>\n<div><\/div>\n<div>\u2e3b<\/div>\n<div><\/div>\n<div><strong>\ud83c\udf81 Qu&#039;obtenez-vous en faisant un don ?<\/strong><\/div>\n<div>\u2022 Documentation unique \u00e0 votre nom ou au nom de la personne \u00e0 qui vous d\u00e9diez le projet<\/div>\n<div>Vous recevrez des photos et des vid\u00e9os documentant les diff\u00e9rentes \u00e9tapes du forage du puits, du d\u00e9but \u00e0 la fin, avec la localisation g\u00e9ographique exacte afin que vous puissiez suivre vous-m\u00eame le projet.<\/div>\n<div><\/div>\n<div>\u2e3b<\/div>\n<div><\/div>\n<div><strong>\ud83c\udf0d Un impact durable\u2026 entre vos mains<\/strong><\/div>\n<div><\/div>\n<div><strong>En soutenant ce projet, vous contribuez \u00e0 am\u00e9liorer la vie de familles enti\u00e8res et \u00e0 leur donner un droit fondamental \u00e0 une vie d\u00e9cente\u00a0: l\u2019acc\u00e8s \u00e0 une eau propre et potable.<\/strong><\/div>\n<div><strong>Un seul puits peut faire toute la diff\u00e9rence.<\/strong><\/div>","protected":false},"excerpt":{"rendered":"<p><strong>Lieu\u00a0: Inde \u2013 N\u00e9pal \u2013 Bangladesh<br \/>\nNombre de b\u00e9n\u00e9ficiaires : 22 personnes<br \/>\nProfondeur du puits : 25 m\u00e8tres<br \/>\nDur\u00e9e de vie : Minimum 15 \u00e0 20 ans<br \/>\nMaintenance : Gratuite pour garantir des performances continues.<\/strong><\/p>","protected":false},"featured_media":5040,"template":"","meta":{"site-sidebar-layout":"default","site-content-layout":"","ast-site-content-layout":"default","site-content-style":"default","site-sidebar-style":"default","ast-global-header-display":"","ast-banner-title-visibility":"","ast-main-header-display":"","ast-hfb-above-header-display":"","ast-hfb-below-header-display":"","ast-hfb-mobile-header-display":"","site-post-title":"","ast-breadcrumbs-content":"","ast-featured-img":"","footer-sml-layout":"","ast-disable-related-posts":"","theme-transparent-header-meta":"default","adv-header-id-meta":"","stick-header-meta":"","header-above-stick-meta":"","header-main-stick-meta":"","header-below-stick-meta":"","astra-migrate-meta-layouts":"set","ast-page-background-enabled":"default","ast-page-background-meta":{"desktop":{"background-color":"","background-image":"","background-repeat":"repeat","background-position":"center center","background-size":"auto","background-attachment":"scroll","background-type":"","background-media":"","overlay-type":"","overlay-color":"","overlay-opacity":"","overlay-gradient":""},"tablet":{"background-color":"","background-image":"","background-repeat":"repeat","background-position":"center center","background-size":"auto","background-attachment":"scroll","background-type":"","background-media":"","overlay-type":"","overlay-color":"","overlay-opacity":"","overlay-gradient":""},"mobile":{"background-color":"","background-image":"","background-repeat":"repeat","background-position":"center center","background-size":"auto","background-attachment":"scroll","background-type":"","background-media":"","overlay-type":"","overlay-color":"","overlay-opacity":"","overlay-gradient":""}},"ast-content-background-meta":{"desktop":{"background-color":"var(--ast-global-color-5)","background-image":"","background-repeat":"repeat","background-position":"center center","background-size":"auto","background-attachment":"scroll","background-type":"","background-media":"","overlay-type":"","overlay-color":"","overlay-opacity":"","overlay-gradient":""},"tablet":{"background-color":"var(--ast-global-color-5)","background-image":"","background-repeat":"repeat","background-position":"center center","background-size":"auto","background-attachment":"scroll","background-type":"","background-media":"","overlay-type":"","overlay-color":"","overlay-opacity":"","overlay-gradient":""},"mobile":{"background-color":"var(--ast-global-color-5)","background-image":"","background-repeat":"repeat","background-position":"center center","background-size":"auto","background-attachment":"scroll","background-type":"","background-media":"","overlay-type":"","overlay-color":"","overlay-opacity":"","overlay-gradient":""}}},"product_brand":[],"product_cat":[40],"product_tag":[],"class_list":{"0":"post-2856","1":"product","2":"type-product","3":"status-publish","4":"has-post-thumbnail","6":"product_cat-40","7":"desktop-align-center","8":"tablet-align-left","9":"mobile-align-left","11":"first","12":"instock","13":"shipping-taxable","14":"product-type-external"},"_links":{"self":[{"href":"https:\/\/abarkhyr.com\/fr\/wp-json\/wp\/v2\/product\/2856","targetHints":{"allow":["GET"]}}],"collection":[{"href":"https:\/\/abarkhyr.com\/fr\/wp-json\/wp\/v2\/product"}],"about":[{"href":"https:\/\/abarkhyr.com\/fr\/wp-json\/wp\/v2\/types\/product"}],"wp:featuredmedia":[{"embeddable":true,"href":"https:\/\/abarkhyr.com\/fr\/wp-json\/wp\/v2\/media\/5040"}],"wp:attachment":[{"href":"https:\/\/abarkhyr.com\/fr\/wp-json\/wp\/v2\/media?parent=2856"}],"wp:term":[{"taxonomy":"product_brand","embeddable":true,"href":"https:\/\/abarkhyr.com\/fr\/wp-json\/wp\/v2\/product_brand?post=2856"},{"taxonomy":"product_cat","embeddable":true,"href":"https:\/\/abarkhyr.com\/fr\/wp-json\/wp\/v2\/product_cat?post=2856"},{"taxonomy":"product_tag","embeddable":true,"href":"https:\/\/abarkhyr.com\/fr\/wp-json\/wp\/v2\/product_tag?post=2856"}],"curies":[{"name":"wp","href":"https:\/\/api.w.org\/{rel}","templated":true}]}}