{"id":4649,"date":"2025-06-25T08:37:40","date_gmt":"2025-06-25T08:37:40","guid":{"rendered":"https:\/\/abarkhyr.com\/?post_type=product&#038;p=4649"},"modified":"2025-12-12T11:38:11","modified_gmt":"2025-12-12T11:38:11","slug":"moschee-oder-schulbauprojekt","status":"publish","type":"product","link":"https:\/\/abarkhyr.com\/de\/product\/moschee-oder-schulbauprojekt\/","title":{"rendered":"Moschee- und Koranschulbauprojekt \u2013 Bangladesch"},"content":{"rendered":"<p data-start=\"117\" data-end=\"183\"><strong data-start=\"117\" data-end=\"183\">\ud83c\udfeb\u2728 Moschee- und Schulbauprojekt \u2013 Der erste Baustein des Guten im Herzen des Dorfes<\/strong><\/p>\n<p data-start=\"185\" data-end=\"325\">In abgelegenen D\u00f6rfern, denen es an den grundlegendsten Dingen f\u00fcr ein menschenw\u00fcrdiges Leben mangelt, soll dieses Projekt Hoffnung wiederherstellen und den Bewohnern einen Ort bieten, an dem sie sich im Lichte des Wissens oder der Reinheit des Glaubens versammeln k\u00f6nnen.<\/p>\n<p data-start=\"327\" data-end=\"532\">Wir bauen <strong data-start=\"338\" data-end=\"367\">Eine Moschee, die dem Gebet und der Anbetung gewidmet ist.<\/strong> \u0648 <strong data-start=\"371\" data-end=\"394\">Eine gut ausgestattete Schule<\/strong> Dieses Projekt, das von Grund auf neu entwickelt wird, um ein ganzes Viertel oder Dorf zu versorgen, ist aufgrund des Mangels an diesen grundlegenden Einrichtungen eines der gefragtesten Projekte in S\u00fcdasien (wie zum Beispiel Bangladesch).<\/p>\n<p data-start=\"534\" data-end=\"629\"><strong data-start=\"534\" data-end=\"629\">\ud83d\udca1 Sie k\u00f6nnen die Art des Geb\u00e4udes w\u00e4hlen: Moschee oder Schule, je nachdem, welche Wirkung Sie erzielen m\u00f6chten und in welchem Bereich Sie sich einbringen wollen.<\/strong><\/p>\n<hr data-start=\"631\" data-end=\"634\" \/>\n<p data-start=\"636\" data-end=\"656\"><strong data-start=\"636\" data-end=\"656\">\u2705 Projektvorteile:<\/strong><\/p>\n<p data-start=\"658\" data-end=\"792\">\u2022 <strong data-start=\"660\" data-end=\"683\">Grundlegende gemeinn\u00fctzige Arbeit<\/strong><br data-start=\"683\" data-end=\"686\" \/>Die Moschee bietet einen Ort f\u00fcr Gebet und spirituelle Zusammenk\u00fcnfte, w\u00e4hrend die Schule den Kindern des Dorfes die T\u00fcren des Wissens \u00f6ffnet und ihre Zukunft ver\u00e4ndert.<\/p>\n<p data-start=\"794\" data-end=\"912\">\u2022 <strong data-start=\"796\" data-end=\"816\">sichere und gut ausgestattete Umgebung<\/strong><br data-start=\"816\" data-end=\"819\" \/>Wir sind bestrebt, eine komfortable, gut bel\u00fcftete Einrichtung zu schaffen, die mit allen notwendigen M\u00f6beln, Sitzgelegenheiten und Lehrtafeln ausgestattet ist.<\/p>\n<p data-start=\"914\" data-end=\"1037\">\u2022 <strong data-start=\"916\" data-end=\"942\">Eine nachhaltige Wirkung, die jahrelang anh\u00e4lt.<\/strong><br data-start=\"942\" data-end=\"945\" \/>Das Geb\u00e4ude ist so konzipiert, dass es den Umweltbedingungen in l\u00e4ndlichen Gebieten standh\u00e4lt und die M\u00f6glichkeit zuk\u00fcnftiger Instandhaltung und Erweiterung bietet.<\/p>\n<hr data-start=\"1039\" data-end=\"1042\" \/>\n<p data-start=\"1044\" data-end=\"1066\"><strong data-start=\"1044\" data-end=\"1066\">\ud83d\udccc Projektdetails:<\/strong><\/p>\n<p data-start=\"1068\" data-end=\"1296\">\u2022 <strong data-start=\"1070\" data-end=\"1081\">die Website:<\/strong> Eines der armen D\u00f6rfer in Bangladesch<br data-start=\"1112\" data-end=\"1115\" \/>\u2022 <strong data-start=\"1117\" data-end=\"1136\">Anzahl der Beg\u00fcnstigten:<\/strong> T\u00e4glich zwischen 80 und 150 Personen.<br data-start=\"1162\" data-end=\"1165\" \/>\u2022 <strong data-start=\"1167\" data-end=\"1182\">Geb\u00e4udetyp:<\/strong> Eine einst\u00f6ckige Moschee oder Schule<br data-start=\"1209\" data-end=\"1212\" \/>\u2022 <strong data-start=\"1214\" data-end=\"1229\">Servicedauer:<\/strong> Mindestens 15\u201320 Jahre alt<br data-start=\"1249\" data-end=\"1252\" \/>\u2022 <strong data-start=\"1254\" data-end=\"1274\">Erweiterbarkeit:<\/strong> Gem\u00e4\u00df den zuk\u00fcnftigen Bed\u00fcrfnissen<\/p>\n<hr data-start=\"1298\" data-end=\"1301\" \/>\n<p data-start=\"1303\" data-end=\"1344\"><strong data-start=\"1303\" data-end=\"1344\">\ud83c\udf81 Eine besondere Urkunde in Ihrem Namen \u2013 ein bleibender und fortw\u00e4hrender Akt der Wohlt\u00e4tigkeit<\/strong><\/p>\n<p data-start=\"1346\" data-end=\"1486\">\u2022 Setzen Sie das Projekt in Ihrem Namen oder im Namen einer Ihnen nahestehenden Person um.<br data-start=\"1377\" data-end=\"1380\" \/>\u2022 Fotos und Videos, die die Bauphasen bis zur Er\u00f6ffnung dokumentieren.<br data-start=\"1429\" data-end=\"1432\" \/>\u2022 Wir senden Ihnen die Standortkoordinaten, damit Sie die Auswirkungen Ihres Beitrags nachverfolgen k\u00f6nnen.<\/p>\n<hr data-start=\"1488\" data-end=\"1491\" \/>\n<p data-start=\"1493\" data-end=\"1547\"><strong data-start=\"1493\" data-end=\"1547\">\ud83c\udf0d Ein Ziegelstein baut eine Gemeinschaft\u2026 und Wohlt\u00e4tigkeit beschert dir unendlichen Lohn.<\/strong><\/p>\n<p data-start=\"1549\" data-end=\"1649\">Mit Ihrer Spende schenken Sie ihnen ein Gotteshaus oder eine T\u00fcr zum Wissen\u2026 und Sie schenken sich selbst eine T\u00fcr zu fortw\u00e4hrender Belohnung in dieser Welt und im Jenseits.<\/p>","protected":false},"excerpt":{"rendered":"<p data-start=\"107\" data-end=\"165\"><strong data-start=\"107\" data-end=\"165\">\ud83d\udccd Moschee- oder Schulbauprojekt \u2013 Bangladesch<\/strong><\/p>\n<p data-start=\"167\" data-end=\"377\">Das Projekt hat zum Ziel, in einem der bed\u00fcrftigsten D\u00f6rfer eine Moschee f\u00fcr den Gottesdienst oder eine Schule f\u00fcr die Ausbildung zu errichten.<br data-start=\"249\" data-end=\"252\" \/>Es versorgt t\u00e4glich mehr als 120 Menschen und wird seine Wirkung mindestens 10\u201315 Jahre lang fortsetzen, wobei regelm\u00e4\u00dfige Wartungsarbeiten alle 12 Monate durchgef\u00fchrt werden, um den anhaltenden Nutzen zu gew\u00e4hrleisten.<\/p>","protected":false},"featured_media":5042,"template":"","meta":{"site-sidebar-layout":"default","site-content-layout":"","ast-site-content-layout":"default","site-content-style":"default","site-sidebar-style":"default","ast-global-header-display":"","ast-banner-title-visibility":"","ast-main-header-display":"","ast-hfb-above-header-display":"","ast-hfb-below-header-display":"","ast-hfb-mobile-header-display":"","site-post-title":"","ast-breadcrumbs-content":"","ast-featured-img":"","footer-sml-layout":"","ast-disable-related-posts":"","theme-transparent-header-meta":"default","adv-header-id-meta":"","stick-header-meta":"","header-above-stick-meta":"","header-main-stick-meta":"","header-below-stick-meta":"","astra-migrate-meta-layouts":"set","ast-page-background-enabled":"default","ast-page-background-meta":{"desktop":{"background-color":"","background-image":"","background-repeat":"repeat","background-position":"center center","background-size":"auto","background-attachment":"scroll","background-type":"","background-media":"","overlay-type":"","overlay-color":"","overlay-opacity":"","overlay-gradient":""},"tablet":{"background-color":"","background-image":"","background-repeat":"repeat","background-position":"center center","background-size":"auto","background-attachment":"scroll","background-type":"","background-media":"","overlay-type":"","overlay-color":"","overlay-opacity":"","overlay-gradient":""},"mobile":{"background-color":"","background-image":"","background-repeat":"repeat","background-position":"center center","background-size":"auto","background-attachment":"scroll","background-type":"","background-media":"","overlay-type":"","overlay-color":"","overlay-opacity":"","overlay-gradient":""}},"ast-content-background-meta":{"desktop":{"background-color":"var(--ast-global-color-5)","background-image":"","background-repeat":"repeat","background-position":"center center","background-size":"auto","background-attachment":"scroll","background-type":"","background-media":"","overlay-type":"","overlay-color":"","overlay-opacity":"","overlay-gradient":""},"tablet":{"background-color":"var(--ast-global-color-5)","background-image":"","background-repeat":"repeat","background-position":"center center","background-size":"auto","background-attachment":"scroll","background-type":"","background-media":"","overlay-type":"","overlay-color":"","overlay-opacity":"","overlay-gradient":""},"mobile":{"background-color":"var(--ast-global-color-5)","background-image":"","background-repeat":"repeat","background-position":"center center","background-size":"auto","background-attachment":"scroll","background-type":"","background-media":"","overlay-type":"","overlay-color":"","overlay-opacity":"","overlay-gradient":""}}},"product_brand":[],"product_cat":[40],"product_tag":[],"class_list":{"0":"post-4649","1":"product","2":"type-product","3":"status-publish","4":"has-post-thumbnail","6":"product_cat-40","7":"desktop-align-center","8":"tablet-align-left","9":"mobile-align-left","11":"first","12":"instock","13":"shipping-taxable","14":"purchasable","15":"product-type-simple"},"_links":{"self":[{"href":"https:\/\/abarkhyr.com\/de\/wp-json\/wp\/v2\/product\/4649","targetHints":{"allow":["GET"]}}],"collection":[{"href":"https:\/\/abarkhyr.com\/de\/wp-json\/wp\/v2\/product"}],"about":[{"href":"https:\/\/abarkhyr.com\/de\/wp-json\/wp\/v2\/types\/product"}],"wp:featuredmedia":[{"embeddable":true,"href":"https:\/\/abarkhyr.com\/de\/wp-json\/wp\/v2\/media\/5042"}],"wp:attachment":[{"href":"https:\/\/abarkhyr.com\/de\/wp-json\/wp\/v2\/media?parent=4649"}],"wp:term":[{"taxonomy":"product_brand","embeddable":true,"href":"https:\/\/abarkhyr.com\/de\/wp-json\/wp\/v2\/product_brand?post=4649"},{"taxonomy":"product_cat","embeddable":true,"href":"https:\/\/abarkhyr.com\/de\/wp-json\/wp\/v2\/product_cat?post=4649"},{"taxonomy":"product_tag","embeddable":true,"href":"https:\/\/abarkhyr.com\/de\/wp-json\/wp\/v2\/product_tag?post=4649"}],"curies":[{"name":"wp","href":"https:\/\/api.w.org\/{rel}","templated":true}]}}