{"id":4623,"date":"2025-06-25T07:55:04","date_gmt":"2025-06-25T07:55:04","guid":{"rendered":"https:\/\/abarkhyr.com\/?post_type=product&#038;p=4623"},"modified":"2026-02-27T13:08:06","modified_gmt":"2026-02-27T13:08:06","slug":"wasserbrunnen-mit-elektrischer-pumpe-moscheebau","status":"publish","type":"product","link":"https:\/\/abarkhyr.com\/de\/product\/wasserbrunnen-mit-elektrischer-pumpe-moscheebau\/","title":{"rendered":"Brunnen mit elektrischer Pumpe und Bau einer Moschee\/Koranschule \u2013 Bangladesch"},"content":{"rendered":"<p data-start=\"160\" data-end=\"237\"><strong data-start=\"160\" data-end=\"237\">\ud83d\udca7\ud83c\udfeb Ein abgeschlossenes Projekt: Ein Brunnen mit einer Moschee oder Schule \u2013 Leben, Glaube oder Wissen an einem Ort<\/strong><\/p>\n<p data-start=\"239\" data-end=\"555\">Unser Projekt beschr\u00e4nkt sich nicht nur auf die Wasserversorgung, sondern geht dar\u00fcber hinaus auf den Aufbau einer integrierten Gemeinschaft, die das Grundbed\u00fcrfnis nach Wasser mit dem spirituellen oder Bildungsbed\u00fcrfnis verbindet.<br data-start=\"372\" data-end=\"375\" \/>Wir erschaffen <strong data-start=\"387\" data-end=\"403\">Tiefwasserbrunnen<\/strong> neben <strong data-start=\"410\" data-end=\"441\">Eine Moschee oder Schule von Grund auf errichten<\/strong>In einem der armen D\u00f6rfer S\u00fcdasiens (Bangladesch), um der gesamten Nachbarschaft zu dienen und ihren Bewohnern ein besseres Leben auf allen Ebenen zu erm\u00f6glichen.<\/p>\n<hr data-start=\"557\" data-end=\"560\" \/>\n<p data-start=\"562\" data-end=\"582\"><strong data-start=\"562\" data-end=\"582\">\u2705 Projektvorteile:<\/strong><\/p>\n<p data-start=\"584\" data-end=\"696\">\u2022 <strong data-start=\"586\" data-end=\"609\">Reines Wasser f\u00fcr ein ganzes Dorf<\/strong><br data-start=\"609\" data-end=\"612\" \/>Der Brunnen versorgt mehr als 120 Menschen mit sicherem und gesundem Wasser, wodurch Krankheiten reduziert und die Lebensbedingungen verbessert werden.<\/p>\n<p data-start=\"698\" data-end=\"826\">\u2022 <strong data-start=\"700\" data-end=\"735\">Bau einer v\u00f6llig neuen Moschee oder Schule<\/strong><br data-start=\"735\" data-end=\"738\" \/>Wir bauen eine Moschee zum Gebet oder eine Schule zur Bildung von Grund auf neu und statten sie mit allem aus, was n\u00f6tig ist, um der Gemeinschaft effizient zu dienen.<\/p>\n<p data-start=\"828\" data-end=\"951\">\u2022 <strong data-start=\"830\" data-end=\"848\">Nachhaltiger \u00f6ffentlicher Nutzen<\/strong><br data-start=\"848\" data-end=\"851\" \/>Der Brunnen ist 30 Meter tief, und die Moschee bzw. Schule ist nach Vorgaben gebaut, die ihre Nutzung \u00fcber Jahrzehnte hinweg mit regelm\u00e4\u00dfiger Wartung gew\u00e4hrleisten.<\/p>\n<hr data-start=\"953\" data-end=\"956\" \/>\n<p data-start=\"958\" data-end=\"980\"><strong data-start=\"958\" data-end=\"980\">\ud83d\udccc Projektdetails:<\/strong><\/p>\n<p data-start=\"982\" data-end=\"1234\">\u2022 <strong data-start=\"984\" data-end=\"995\">die Website:<\/strong> Bangladesch<br data-start=\"1004\" data-end=\"1007\" \/>\u2022 <strong data-start=\"1009\" data-end=\"1028\">Anzahl der Beg\u00fcnstigten:<\/strong> Mehr als 120 Personen<br data-start=\"1046\" data-end=\"1049\" \/>\u2022 <strong data-start=\"1051\" data-end=\"1061\">Der Brunnen:<\/strong> 30 Meter tief, ausgestattet mit einer manuellen oder elektrischen Pumpe<br data-start=\"1105\" data-end=\"1108\" \/>\u2022 <strong data-start=\"1110\" data-end=\"1121\">Geb\u00e4ude:<\/strong> Eine einst\u00f6ckige Moschee oder Schule mit einer f\u00fcr das Dorf angemessenen Kapazit\u00e4t.<br data-start=\"1168\" data-end=\"1171\" \/>\u2022 <strong data-start=\"1173\" data-end=\"1191\">Dauer der Leistung:<\/strong> Mindestens 10\u201315 Jahre alt<br data-start=\"1211\" data-end=\"1214\" \/>\u2022 <strong data-start=\"1216\" data-end=\"1228\">Wartung:<\/strong> j\u00e4hrlich<\/p>\n<hr data-start=\"1236\" data-end=\"1239\" \/>\n<p data-start=\"1241\" data-end=\"1283\"><strong data-start=\"1241\" data-end=\"1283\">\ud83c\udf81 Eine personalisierte Urkunde mit Ihrem Namen oder dem Namen der Person, der Sie das Projekt widmen.<\/strong><\/p>\n<p data-start=\"1285\" data-end=\"1418\">\u2022 Umfassende Fotos und Videos von der Aushubarbeit bis zur Bauphase und \u00dcbergabe<br data-start=\"1338\" data-end=\"1341\" \/>\u2022 Genaue geografische Lage<br data-start=\"1365\" data-end=\"1368\" \/>\u2022 Ein Schild mit dem Namen des Spenders oder der Person, der das Projekt gewidmet ist.<\/p>\n<hr data-start=\"1420\" data-end=\"1423\" \/>\n<p data-start=\"1425\" data-end=\"1473\"><strong data-start=\"1425\" data-end=\"1473\">\ud83c\udf0d Ein Projekt\u2026 das Leben und Glauben oder Wissenschaft verbindet<\/strong><\/p>\n<p data-start=\"1475\" data-end=\"1602\">Mit diesem Projekt stillt man den Durst der Durstigen und schafft einen Ort f\u00fcr Wissenschaft oder Andacht.<br data-start=\"1532\" data-end=\"1535\" \/><strong data-start=\"1535\" data-end=\"1602\">Kontinuierliche Wohlt\u00e4tigkeit mit vervielfachter Wirkung\u2026 Sie beginnt mit einem Tropfen Wasser und reicht bis zu einem ewigen Licht.<\/strong><\/p>","protected":false},"excerpt":{"rendered":"<p>Ein integriertes Projekt, das den Bau eines Tiefbrunnens und den Neubau einer Moschee oder Schule in armen D\u00f6rfern in S\u00fcdasien (Bangladesch) kombiniert.<br data-start=\"209\" data-end=\"212\" \/>Es versorgt t\u00e4glich mehr als 120 Menschen mit Wasser und bietet ihnen einen st\u00e4ndigen Zugang zu Wasser sowie einen Ort f\u00fcr Gottesdienste oder Bildung.<br data-start=\"298\" data-end=\"301\" \/>Mit einer Tiefe von 30 Metern und j\u00e4hrlicher Wartung ist dieses Projekt eine kontinuierliche Wohlt\u00e4tigkeit mit einem Multiplikatoreffekt, der \u00fcber 10\u201315 Jahre anh\u00e4lt.<\/p>","protected":false},"featured_media":5041,"template":"","meta":{"site-sidebar-layout":"default","site-content-layout":"","ast-site-content-layout":"default","site-content-style":"default","site-sidebar-style":"default","ast-global-header-display":"","ast-banner-title-visibility":"","ast-main-header-display":"","ast-hfb-above-header-display":"","ast-hfb-below-header-display":"","ast-hfb-mobile-header-display":"","site-post-title":"","ast-breadcrumbs-content":"","ast-featured-img":"","footer-sml-layout":"","ast-disable-related-posts":"","theme-transparent-header-meta":"default","adv-header-id-meta":"","stick-header-meta":"","header-above-stick-meta":"","header-main-stick-meta":"","header-below-stick-meta":"","astra-migrate-meta-layouts":"set","ast-page-background-enabled":"default","ast-page-background-meta":{"desktop":{"background-color":"","background-image":"","background-repeat":"repeat","background-position":"center center","background-size":"auto","background-attachment":"scroll","background-type":"","background-media":"","overlay-type":"","overlay-color":"","overlay-opacity":"","overlay-gradient":""},"tablet":{"background-color":"","background-image":"","background-repeat":"repeat","background-position":"center center","background-size":"auto","background-attachment":"scroll","background-type":"","background-media":"","overlay-type":"","overlay-color":"","overlay-opacity":"","overlay-gradient":""},"mobile":{"background-color":"","background-image":"","background-repeat":"repeat","background-position":"center center","background-size":"auto","background-attachment":"scroll","background-type":"","background-media":"","overlay-type":"","overlay-color":"","overlay-opacity":"","overlay-gradient":""}},"ast-content-background-meta":{"desktop":{"background-color":"var(--ast-global-color-5)","background-image":"","background-repeat":"repeat","background-position":"center center","background-size":"auto","background-attachment":"scroll","background-type":"","background-media":"","overlay-type":"","overlay-color":"","overlay-opacity":"","overlay-gradient":""},"tablet":{"background-color":"var(--ast-global-color-5)","background-image":"","background-repeat":"repeat","background-position":"center center","background-size":"auto","background-attachment":"scroll","background-type":"","background-media":"","overlay-type":"","overlay-color":"","overlay-opacity":"","overlay-gradient":""},"mobile":{"background-color":"var(--ast-global-color-5)","background-image":"","background-repeat":"repeat","background-position":"center center","background-size":"auto","background-attachment":"scroll","background-type":"","background-media":"","overlay-type":"","overlay-color":"","overlay-opacity":"","overlay-gradient":""}}},"product_brand":[],"product_cat":[40],"product_tag":[],"class_list":{"0":"post-4623","1":"product","2":"type-product","3":"status-publish","4":"has-post-thumbnail","6":"product_cat-40","7":"desktop-align-center","8":"tablet-align-left","9":"mobile-align-left","11":"first","12":"instock","13":"shipping-taxable","14":"product-type-external"},"_links":{"self":[{"href":"https:\/\/abarkhyr.com\/de\/wp-json\/wp\/v2\/product\/4623","targetHints":{"allow":["GET"]}}],"collection":[{"href":"https:\/\/abarkhyr.com\/de\/wp-json\/wp\/v2\/product"}],"about":[{"href":"https:\/\/abarkhyr.com\/de\/wp-json\/wp\/v2\/types\/product"}],"wp:featuredmedia":[{"embeddable":true,"href":"https:\/\/abarkhyr.com\/de\/wp-json\/wp\/v2\/media\/5041"}],"wp:attachment":[{"href":"https:\/\/abarkhyr.com\/de\/wp-json\/wp\/v2\/media?parent=4623"}],"wp:term":[{"taxonomy":"product_brand","embeddable":true,"href":"https:\/\/abarkhyr.com\/de\/wp-json\/wp\/v2\/product_brand?post=4623"},{"taxonomy":"product_cat","embeddable":true,"href":"https:\/\/abarkhyr.com\/de\/wp-json\/wp\/v2\/product_cat?post=4623"},{"taxonomy":"product_tag","embeddable":true,"href":"https:\/\/abarkhyr.com\/de\/wp-json\/wp\/v2\/product_tag?post=4623"}],"curies":[{"name":"wp","href":"https:\/\/api.w.org\/{rel}","templated":true}]}}