{"id":3423,"date":"2024-10-26T09:58:32","date_gmt":"2024-10-26T09:58:32","guid":{"rendered":"https:\/\/abarkhyr.com\/?post_type=product&#038;p=3423"},"modified":"2026-02-27T13:08:20","modified_gmt":"2026-02-27T13:08:20","slug":"traditioneller-wasserbrunnen-mit-eimern-nigeria","status":"publish","type":"product","link":"https:\/\/abarkhyr.com\/de\/product\/traditioneller-wasserbrunnen-mit-eimern-nigeria\/","title":{"rendered":"Traditioneller Wasserbrunnen mit Eimern, Nigeria\/Niger"},"content":{"rendered":"<div><strong>\ud83d\udca7Traditioneller Wasserbrunnen mit Eimern \u2013 eine einfache und effektive L\u00f6sung f\u00fcr abgelegene Gemeinden in Nigeria\/Niger<\/strong><\/div>\n<div><\/div>\n<div><strong>Dieser traditionelle Brunnen wurde speziell f\u00fcr D\u00f6rfer errichtet, die unter akuter Wasserknappheit und fehlender elektrischer Infrastruktur litten. Mithilfe eines manuellen Hebemechanismus mit mehreren Eimern k\u00f6nnen M\u00e4nner und Frauen gleichzeitig schnell und einfach Wasser sch\u00f6pfen.<\/strong><\/div>\n<div><strong>Das Projekt versorgt t\u00e4glich mehr als 120 Menschen, was etwa 15 Familien oder mehr entspricht, und stellt eine lebenswichtige Quelle f\u00fcr sauberes Wasser dar, das f\u00fcr den t\u00e4glichen Gebrauch geeignet ist.<\/strong><\/div>\n<div><\/div>\n<div>\u2013<\/div>\n<div><\/div>\n<div><\/div>\n<div><strong>\u2705 Projektvorteile<\/strong><\/div>\n<div><\/div>\n<div>\u2022 Manuelle Wasserentnahme ohne Strom, ausgestattet mit einem traditionellen Hebesystem unter Verwendung von Eimern, ist nicht auf Strom angewiesen und gew\u00e4hrleistet die Wasserversorgung auch in den abgelegensten Gebieten.<\/div>\n<div>\u2022 Vielseitig: Es ist als prim\u00e4re Trinkwasserquelle konzipiert, wird aber auch f\u00fcr Hygiene, Kochen, Haushaltsf\u00fchrung und sogar f\u00fcr landwirtschaftliche Zwecke verwendet.<\/div>\n<div><\/div>\n<div>\u2013<\/div>\n<div><\/div>\n<div><\/div>\n<div><strong>\ud83d\udccc Projektdetails<\/strong><\/div>\n<div><\/div>\n<div>\u2022Ort: Nigeria<\/div>\n<div>\u2022Anzahl der Beg\u00fcnstigten: \u00fcber 120 Personen (etwa 15 Familien oder mehr)<\/div>\n<div>\u2022 Haltbarkeit: Unbegrenzt<\/div>\n<div>\u2022 Regelm\u00e4\u00dfige Wartung: einmal alle 12 Monate zur Aufrechterhaltung der Leistungsf\u00e4higkeit<\/div>\n<div><\/div>\n<div>\u2013<\/div>\n<div><\/div>\n<div><\/div>\n<div><\/div>\n<div><strong>\ud83c\udf81 Erfahrungsnachweis in Ihrem Namen \u2728<\/strong><\/div>\n<div><\/div>\n<div>\u2022 F\u00fchren Sie das Projekt in Ihrem Namen oder im Namen der Person durch, der Sie diese wohlt\u00e4tige Arbeit widmen.<\/div>\n<div>\u2022Fotos und Videos, die die einzelnen Phasen des Bohrens und des Brunnenbaus dokumentieren<\/div>\n<div>\u2022 Eine pr\u00e4zise geografische Standortangabe, die es Ihnen erm\u00f6glicht, die Auswirkungen Ihres Projekts vor Ort zu \u00fcberwachen.<\/div>\n<div><\/div>\n<div><\/div>\n<div><\/div>\n<div><\/div>\n<div><strong>\ud83c\udf0d Hinterlasse einen bleibenden Eindruck<\/strong><\/div>\n<div><\/div>\n<div><strong>Ein einfacher Wasserbrunnen mit Eimern\u2026 aber er macht jeden Tag einen gro\u00dfen Unterschied im Leben von Hunderten von Menschen.<\/strong><\/div>\n<div><strong>Sei der Grund daf\u00fcr, dass eine ganze Gemeinde mit sauberem Wasser versorgt wird.<\/strong><\/div>","protected":false},"excerpt":{"rendered":"<p><strong>Projektstandort: Nigeria \/ Niger<\/strong><br \/>\n<strong>Nutzergruppe: Mehr als 120<\/strong><br \/>\n<strong>Tiefe: 30 Meter<\/strong><br \/>\n<strong>Lebensdauer: Permanent<\/strong><br \/>\n<strong>Wartung: Alle 12 Monate<\/strong><\/p>","protected":false},"featured_media":5039,"template":"","meta":{"site-sidebar-layout":"default","site-content-layout":"","ast-site-content-layout":"default","site-content-style":"default","site-sidebar-style":"default","ast-global-header-display":"","ast-banner-title-visibility":"","ast-main-header-display":"","ast-hfb-above-header-display":"","ast-hfb-below-header-display":"","ast-hfb-mobile-header-display":"","site-post-title":"","ast-breadcrumbs-content":"","ast-featured-img":"","footer-sml-layout":"","ast-disable-related-posts":"","theme-transparent-header-meta":"default","adv-header-id-meta":"","stick-header-meta":"","header-above-stick-meta":"","header-main-stick-meta":"","header-below-stick-meta":"","astra-migrate-meta-layouts":"set","ast-page-background-enabled":"default","ast-page-background-meta":{"desktop":{"background-color":"","background-image":"","background-repeat":"repeat","background-position":"center center","background-size":"auto","background-attachment":"scroll","background-type":"","background-media":"","overlay-type":"","overlay-color":"","overlay-opacity":"","overlay-gradient":""},"tablet":{"background-color":"","background-image":"","background-repeat":"repeat","background-position":"center center","background-size":"auto","background-attachment":"scroll","background-type":"","background-media":"","overlay-type":"","overlay-color":"","overlay-opacity":"","overlay-gradient":""},"mobile":{"background-color":"","background-image":"","background-repeat":"repeat","background-position":"center center","background-size":"auto","background-attachment":"scroll","background-type":"","background-media":"","overlay-type":"","overlay-color":"","overlay-opacity":"","overlay-gradient":""}},"ast-content-background-meta":{"desktop":{"background-color":"var(--ast-global-color-5)","background-image":"","background-repeat":"repeat","background-position":"center center","background-size":"auto","background-attachment":"scroll","background-type":"","background-media":"","overlay-type":"","overlay-color":"","overlay-opacity":"","overlay-gradient":""},"tablet":{"background-color":"var(--ast-global-color-5)","background-image":"","background-repeat":"repeat","background-position":"center center","background-size":"auto","background-attachment":"scroll","background-type":"","background-media":"","overlay-type":"","overlay-color":"","overlay-opacity":"","overlay-gradient":""},"mobile":{"background-color":"var(--ast-global-color-5)","background-image":"","background-repeat":"repeat","background-position":"center center","background-size":"auto","background-attachment":"scroll","background-type":"","background-media":"","overlay-type":"","overlay-color":"","overlay-opacity":"","overlay-gradient":""}}},"product_brand":[],"product_cat":[40],"product_tag":[],"class_list":{"0":"post-3423","1":"product","2":"type-product","3":"status-publish","4":"has-post-thumbnail","6":"product_cat-40","7":"desktop-align-center","8":"tablet-align-left","9":"mobile-align-left","11":"first","12":"instock","13":"shipping-taxable","14":"product-type-external"},"_links":{"self":[{"href":"https:\/\/abarkhyr.com\/de\/wp-json\/wp\/v2\/product\/3423","targetHints":{"allow":["GET"]}}],"collection":[{"href":"https:\/\/abarkhyr.com\/de\/wp-json\/wp\/v2\/product"}],"about":[{"href":"https:\/\/abarkhyr.com\/de\/wp-json\/wp\/v2\/types\/product"}],"wp:featuredmedia":[{"embeddable":true,"href":"https:\/\/abarkhyr.com\/de\/wp-json\/wp\/v2\/media\/5039"}],"wp:attachment":[{"href":"https:\/\/abarkhyr.com\/de\/wp-json\/wp\/v2\/media?parent=3423"}],"wp:term":[{"taxonomy":"product_brand","embeddable":true,"href":"https:\/\/abarkhyr.com\/de\/wp-json\/wp\/v2\/product_brand?post=3423"},{"taxonomy":"product_cat","embeddable":true,"href":"https:\/\/abarkhyr.com\/de\/wp-json\/wp\/v2\/product_cat?post=3423"},{"taxonomy":"product_tag","embeddable":true,"href":"https:\/\/abarkhyr.com\/de\/wp-json\/wp\/v2\/product_tag?post=3423"}],"curies":[{"name":"wp","href":"https:\/\/api.w.org\/{rel}","templated":true}]}}