{"id":3413,"date":"2024-10-26T09:51:42","date_gmt":"2024-10-26T09:51:42","guid":{"rendered":"https:\/\/abarkhyr.com\/?post_type=product&#038;p=3413"},"modified":"2025-12-12T11:29:37","modified_gmt":"2025-12-12T11:29:37","slug":"ein-brunnen-mit-einem-wasserreservoir-fur-ein-ganzes-dorf-in-niger","status":"publish","type":"product","link":"https:\/\/abarkhyr.com\/de\/product\/ein-brunnen-mit-einem-wasserreservoir-fur-ein-ganzes-dorf-in-niger\/","title":{"rendered":"Ein Brunnen mit einem Wasserreservoir f\u00fcr ein ganzes Dorf in Niger-Kamerun"},"content":{"rendered":"<div><strong>Dieser Brunnen ist eines der gr\u00f6\u00dften Wasserprojekte, die wir in Niger, Kamerun und Tschad durchf\u00fchren, und wird \u00fcblicherweise neben einer Moschee errichtet, die ein gro\u00dfes Dorf versorgt.<\/strong><\/div>\n<div><strong>Es wurde als wichtiger Knotenpunkt konzipiert, der t\u00e4glich mehr als 400 Menschen, darunter M\u00e4nner, Frauen, Kinder und \u00e4ltere Menschen, mit sauberem Wasser versorgt.<\/strong><\/div>\n<div><\/div>\n<div>\u2e3b<\/div>\n<div><\/div>\n<div><strong>\u2705 Projektvorteile<\/strong><\/div>\n<div>\u2022Mehrere Wasserh\u00e4hne f\u00fcr Waschung und Wasseraufnahme<\/div>\n<div>Ausgestattet mit einer Reihe von Wasserh\u00e4hnen, die eine bequeme und schnelle Nutzung erm\u00f6glichen, insbesondere w\u00e4hrend der Gebetszeiten, wenn mehrere Personen gleichzeitig die rituelle Waschung durchf\u00fchren oder ihre Wasserbeh\u00e4lter auff\u00fcllen k\u00f6nnen.<\/div>\n<div>\u2022 Gro\u00dfer Tank mit einem Fassungsverm\u00f6gen von 1000 Litern<\/div>\n<div>Es speichert ausreichend Wasser, um den t\u00e4glichen Bedarf zu decken, und reduziert die Notwendigkeit, die elektrische Pumpe kontinuierlich laufen zu lassen. Dadurch wird Energie gespart und eine kontinuierliche Versorgung auch im Falle eines Stromausfalls sichergestellt.<\/div>\n<div>\u2022 Vielf\u00e4ltige Nutzungsm\u00f6glichkeiten, die der Gemeinschaft dienen<\/div>\n<div>Der Brunnen dient der Trinkwasserversorgung, der Hygiene, dem Kochen, der Haushaltsf\u00fchrung und sogar der Gartenbew\u00e4sserung und ist somit eine grundlegende S\u00e4ule f\u00fcr ein menschenw\u00fcrdiges Leben.<\/div>\n<div><\/div>\n<div>\u2e3b<\/div>\n<div><\/div>\n<div><strong>\ud83d\udccc Projektdetails<\/strong><\/div>\n<div>\u2022Standort: Niger \u2013 Kamerun \u2013 Tschad<\/div>\n<div>\u2022 Anzahl der Beg\u00fcnstigten: zwischen 300 und 400 Personen<\/div>\n<div>\u2022Bohrlochtiefe: 50\u201360 Meter<\/div>\n<div>\u2022 Tankinhalt: 1000 Liter<\/div>\n<div>\u2022 Haltbarkeit: Unbegrenzt<\/div>\n<div>\u2022 Regelm\u00e4\u00dfige Wartung: einmal alle 12 Monate<\/div>\n<div><\/div>\n<div>\u2e3b<\/div>\n<div><\/div>\n<div><strong>\ud83c\udf81 Eine einzigartige Dokumentation in Ihrem Namen \u2013 ein inspirierendes menschliches Erlebnis \u2728<\/strong><\/div>\n<div>\u2022 Setzen Sie das Projekt in Ihrem Namen oder im Namen einer Person, der Sie es widmen, um.<\/div>\n<div>\u2022 Umfassende Dokumentation mit Fotos und Videos von der Ausgrabung bis zur Auslieferung<\/div>\n<div>\u2022Wir geben Ihnen die genaue geografische Lage des Brunnens an, damit Sie den Pfad selbst verfolgen k\u00f6nnen.<\/div>\n<div><\/div>\n<div>\u2e3b<\/div>\n<div><\/div>\n<div><strong>\ud83c\udf0d Ein einziger Brunnen\u2026 versorgt ein ganzes Dorf mit Wasser<\/strong><\/div>\n<div><\/div>\n<div><strong>Mit Ihrer Unterst\u00fctzung dieses Projekts erm\u00f6glichen Sie Hunderten von Menschen den Zugang zu sauberem Wasser.<\/strong><\/div>\n<div><strong>Machen Sie Ihr Geben zu einem kontinuierlichen Akt der N\u00e4chstenliebe, der Jahrzehnte andauert und die Seelen vor den K\u00f6rpern n\u00e4hrt.<\/strong><\/div>","protected":false},"excerpt":{"rendered":"<p><strong>Projektstandort: Niger \u2013 Kamerun \u2013 Tschad<\/strong><br \/>\n<strong>Anzahl der Beg\u00fcnstigten: 300-400<\/strong><br \/>\n<strong>Tiefe: 50-60 Meter<\/strong><br \/>\n<strong>Lebensdauer: Permanent<\/strong><br \/>\n<strong>Wartung: Alle 12 Monate<\/strong><\/p>","protected":false},"featured_media":5037,"template":"","meta":{"site-sidebar-layout":"default","site-content-layout":"","ast-site-content-layout":"default","site-content-style":"default","site-sidebar-style":"default","ast-global-header-display":"","ast-banner-title-visibility":"","ast-main-header-display":"","ast-hfb-above-header-display":"","ast-hfb-below-header-display":"","ast-hfb-mobile-header-display":"","site-post-title":"","ast-breadcrumbs-content":"","ast-featured-img":"","footer-sml-layout":"","ast-disable-related-posts":"","theme-transparent-header-meta":"default","adv-header-id-meta":"","stick-header-meta":"","header-above-stick-meta":"","header-main-stick-meta":"","header-below-stick-meta":"","astra-migrate-meta-layouts":"set","ast-page-background-enabled":"default","ast-page-background-meta":{"desktop":{"background-color":"","background-image":"","background-repeat":"repeat","background-position":"center center","background-size":"auto","background-attachment":"scroll","background-type":"","background-media":"","overlay-type":"","overlay-color":"","overlay-opacity":"","overlay-gradient":""},"tablet":{"background-color":"","background-image":"","background-repeat":"repeat","background-position":"center center","background-size":"auto","background-attachment":"scroll","background-type":"","background-media":"","overlay-type":"","overlay-color":"","overlay-opacity":"","overlay-gradient":""},"mobile":{"background-color":"","background-image":"","background-repeat":"repeat","background-position":"center center","background-size":"auto","background-attachment":"scroll","background-type":"","background-media":"","overlay-type":"","overlay-color":"","overlay-opacity":"","overlay-gradient":""}},"ast-content-background-meta":{"desktop":{"background-color":"var(--ast-global-color-5)","background-image":"","background-repeat":"repeat","background-position":"center center","background-size":"auto","background-attachment":"scroll","background-type":"","background-media":"","overlay-type":"","overlay-color":"","overlay-opacity":"","overlay-gradient":""},"tablet":{"background-color":"var(--ast-global-color-5)","background-image":"","background-repeat":"repeat","background-position":"center center","background-size":"auto","background-attachment":"scroll","background-type":"","background-media":"","overlay-type":"","overlay-color":"","overlay-opacity":"","overlay-gradient":""},"mobile":{"background-color":"var(--ast-global-color-5)","background-image":"","background-repeat":"repeat","background-position":"center center","background-size":"auto","background-attachment":"scroll","background-type":"","background-media":"","overlay-type":"","overlay-color":"","overlay-opacity":"","overlay-gradient":""}}},"product_brand":[],"product_cat":[40],"product_tag":[],"class_list":{"0":"post-3413","1":"product","2":"type-product","3":"status-publish","4":"has-post-thumbnail","6":"product_cat-40","7":"desktop-align-center","8":"tablet-align-left","9":"mobile-align-left","11":"first","12":"instock","13":"shipping-taxable","14":"product-type-external"},"_links":{"self":[{"href":"https:\/\/abarkhyr.com\/de\/wp-json\/wp\/v2\/product\/3413","targetHints":{"allow":["GET"]}}],"collection":[{"href":"https:\/\/abarkhyr.com\/de\/wp-json\/wp\/v2\/product"}],"about":[{"href":"https:\/\/abarkhyr.com\/de\/wp-json\/wp\/v2\/types\/product"}],"wp:featuredmedia":[{"embeddable":true,"href":"https:\/\/abarkhyr.com\/de\/wp-json\/wp\/v2\/media\/5037"}],"wp:attachment":[{"href":"https:\/\/abarkhyr.com\/de\/wp-json\/wp\/v2\/media?parent=3413"}],"wp:term":[{"taxonomy":"product_brand","embeddable":true,"href":"https:\/\/abarkhyr.com\/de\/wp-json\/wp\/v2\/product_brand?post=3413"},{"taxonomy":"product_cat","embeddable":true,"href":"https:\/\/abarkhyr.com\/de\/wp-json\/wp\/v2\/product_cat?post=3413"},{"taxonomy":"product_tag","embeddable":true,"href":"https:\/\/abarkhyr.com\/de\/wp-json\/wp\/v2\/product_tag?post=3413"}],"curies":[{"name":"wp","href":"https:\/\/api.w.org\/{rel}","templated":true}]}}