{"id":3404,"date":"2024-10-21T18:58:40","date_gmt":"2024-10-21T18:58:40","guid":{"rendered":"https:\/\/abarkhyr.com\/?post_type=product&#038;p=3404"},"modified":"2026-02-15T14:13:10","modified_gmt":"2026-02-15T14:13:10","slug":"artesischer-brunnen-in-pakistan-mit-handpumpe","status":"publish","type":"product","link":"https:\/\/abarkhyr.com\/de\/product\/artesischer-brunnen-in-pakistan-mit-handpumpe\/","title":{"rendered":"Artesischer Brunnen in Pakistan mit Handpumpe"},"content":{"rendered":"<p>Einer unserer meistverkauften Brunnen in Pakistan wird f\u00fcr etwa 25 Personen gebaut. Er versorgt eine gro\u00dfe Familie mit Wasser, in der die Eltern, ihre Kinder und Enkelkinder unter einem Dach leben. Der Brunnen wird im Haus der Familie errichtet, da Diebe die Pumpe stehlen und billig verkaufen k\u00f6nnten. Er ist aufgrund seines g\u00fcnstigen Preises und der kurzen Bauzeit sehr beliebt. Der Brunnen wird die Familie \u00fcber Generationen hinweg, etwa 35 Jahre lang, mit sauberem Wasser versorgen. Die Baukosten sind niedrig, da der Brunnen in Handarbeit gebaut wird und keine teuren Bohrger\u00e4te wie in Afrika ben\u00f6tigt werden. Zum Pumpen des Wassers wird kein Strom ben\u00f6tigt, da er \u00fcber eine leistungsstarke Handpumpe verf\u00fcgt. Wie alle unsere Brunnen wird auch dieser die Hauptwasserquelle f\u00fcr die Familien sein, f\u00fcr die er gebaut wird \u2013 zum Kochen, f\u00fcr den Haushalt und die K\u00f6rperpflege. Nachdem der Brunnen auf Ihren Namen (oder nach Ihren W\u00fcnschen) gebaut wurde, erhalten Sie zahlreiche Fotos und Videos, die den Bauprozess dokumentieren, sowohl vor als auch nach der Fertigstellung. Sie erhalten au\u00dferdem den genauen Standort des Brunnens.<br \/>\nProjektstandort: Pakistan<br \/>\nPersonen, die davon profitieren werden: 24-25<br \/>\n<strong>Tiefe: 60 Meter<\/strong><br \/>\nLebenserwartung: Mindestens 30-35 Jahre<br \/>\nWartung: Alle 12 Monate<\/p>","protected":false},"excerpt":{"rendered":"<p>Projektstandort: Pakistan<br \/>\nPersonen, die davon profitieren werden: 24-25<br \/>\n<strong>Tiefe: 60 Meter<\/strong><br \/>\nLebenserwartung: Mindestens 30-35 Jahre<br \/>\nWartung: Alle 12 Monate<\/p>","protected":false},"featured_media":4461,"template":"","meta":{"site-sidebar-layout":"default","site-content-layout":"","ast-site-content-layout":"default","site-content-style":"default","site-sidebar-style":"default","ast-global-header-display":"","ast-banner-title-visibility":"","ast-main-header-display":"","ast-hfb-above-header-display":"","ast-hfb-below-header-display":"","ast-hfb-mobile-header-display":"","site-post-title":"","ast-breadcrumbs-content":"","ast-featured-img":"","footer-sml-layout":"","ast-disable-related-posts":"","theme-transparent-header-meta":"default","adv-header-id-meta":"","stick-header-meta":"","header-above-stick-meta":"","header-main-stick-meta":"","header-below-stick-meta":"","astra-migrate-meta-layouts":"set","ast-page-background-enabled":"default","ast-page-background-meta":{"desktop":{"background-color":"","background-image":"","background-repeat":"repeat","background-position":"center center","background-size":"auto","background-attachment":"scroll","background-type":"","background-media":"","overlay-type":"","overlay-color":"","overlay-opacity":"","overlay-gradient":""},"tablet":{"background-color":"","background-image":"","background-repeat":"repeat","background-position":"center center","background-size":"auto","background-attachment":"scroll","background-type":"","background-media":"","overlay-type":"","overlay-color":"","overlay-opacity":"","overlay-gradient":""},"mobile":{"background-color":"","background-image":"","background-repeat":"repeat","background-position":"center center","background-size":"auto","background-attachment":"scroll","background-type":"","background-media":"","overlay-type":"","overlay-color":"","overlay-opacity":"","overlay-gradient":""}},"ast-content-background-meta":{"desktop":{"background-color":"var(--ast-global-color-5)","background-image":"","background-repeat":"repeat","background-position":"center center","background-size":"auto","background-attachment":"scroll","background-type":"","background-media":"","overlay-type":"","overlay-color":"","overlay-opacity":"","overlay-gradient":""},"tablet":{"background-color":"var(--ast-global-color-5)","background-image":"","background-repeat":"repeat","background-position":"center center","background-size":"auto","background-attachment":"scroll","background-type":"","background-media":"","overlay-type":"","overlay-color":"","overlay-opacity":"","overlay-gradient":""},"mobile":{"background-color":"var(--ast-global-color-5)","background-image":"","background-repeat":"repeat","background-position":"center center","background-size":"auto","background-attachment":"scroll","background-type":"","background-media":"","overlay-type":"","overlay-color":"","overlay-opacity":"","overlay-gradient":""}}},"product_brand":[],"product_cat":[40],"product_tag":[],"class_list":{"0":"post-3404","1":"product","2":"type-product","3":"status-publish","4":"has-post-thumbnail","6":"product_cat-40","7":"desktop-align-center","8":"tablet-align-left","9":"mobile-align-left","11":"first","12":"instock","13":"virtual","14":"purchasable","15":"product-type-simple"},"_links":{"self":[{"href":"https:\/\/abarkhyr.com\/de\/wp-json\/wp\/v2\/product\/3404","targetHints":{"allow":["GET"]}}],"collection":[{"href":"https:\/\/abarkhyr.com\/de\/wp-json\/wp\/v2\/product"}],"about":[{"href":"https:\/\/abarkhyr.com\/de\/wp-json\/wp\/v2\/types\/product"}],"wp:featuredmedia":[{"embeddable":true,"href":"https:\/\/abarkhyr.com\/de\/wp-json\/wp\/v2\/media\/4461"}],"wp:attachment":[{"href":"https:\/\/abarkhyr.com\/de\/wp-json\/wp\/v2\/media?parent=3404"}],"wp:term":[{"taxonomy":"product_brand","embeddable":true,"href":"https:\/\/abarkhyr.com\/de\/wp-json\/wp\/v2\/product_brand?post=3404"},{"taxonomy":"product_cat","embeddable":true,"href":"https:\/\/abarkhyr.com\/de\/wp-json\/wp\/v2\/product_cat?post=3404"},{"taxonomy":"product_tag","embeddable":true,"href":"https:\/\/abarkhyr.com\/de\/wp-json\/wp\/v2\/product_tag?post=3404"}],"curies":[{"name":"wp","href":"https:\/\/api.w.org\/{rel}","templated":true}]}}