{"id":3399,"date":"2024-10-21T18:57:04","date_gmt":"2024-10-21T18:57:04","guid":{"rendered":"https:\/\/abarkhyr.com\/?post_type=product&#038;p=3399"},"modified":"2025-12-12T11:28:12","modified_gmt":"2025-12-12T11:28:12","slug":"artesischer-brunnen-mit-handpumpe-afrika","status":"publish","type":"product","link":"https:\/\/abarkhyr.com\/de\/product\/artesischer-brunnen-mit-handpumpe-afrika\/","title":{"rendered":"Artesischer Brunnen mit Handpumpe, Afrika, Niger"},"content":{"rendered":"<div><strong>Dieser traditionelle Brunnen wurde errichtet, um den Bed\u00fcrfnissen von D\u00f6rfern gerecht zu werden, die unter akuter Wasserknappheit und fehlender Stromversorgung leiden, und er stellt eine echte Lebensader f\u00fcr mehr als 120 Menschen dar, was etwa 15 Familien oder mehr entspricht.<\/strong><\/div>\n<div><strong>Dieser Brunnen ist eine prim\u00e4re Quelle f\u00fcr Trinkwasser und wird dar\u00fcber hinaus f\u00fcr Hygiene, Kochen, Haushaltsf\u00fchrung und sogar Landwirtschaft genutzt.<\/strong><\/div>\n<div><\/div>\n<div>\u2e3b<\/div>\n<div><\/div>\n<div><strong>\u2705 Projektvorteile<\/strong><\/div>\n<div>\u2022 Wasserentnahme mit Eimern \u2013 ohne Strom<\/div>\n<div>Ausgestattet mit einem traditionellen Mechanismus, der mehrere Eimer verwendet, erm\u00f6glicht es mehreren Personen, gleichzeitig Wasser zu sch\u00f6pfen, wodurch es Frauen und M\u00e4nnern erleichtert wird, problemlos an Wasser zu gelangen.<\/div>\n<div>\u2022 Vielseitiger Service<\/div>\n<div>Es liefert Wasser zum Trinken, f\u00fcr Hygiene und Haushaltszwecke und unterst\u00fctzt die t\u00e4glichen landwirtschaftlichen Aktivit\u00e4ten, wodurch die Stabilit\u00e4t des Lebens der Dorfbewohner verbessert wird.<\/div>\n<div><\/div>\n<div>\u2e3b<\/div>\n<div><\/div>\n<div><strong>\ud83d\udccc Projektdetails<\/strong><\/div>\n<div>\u2022Ort: Niger<\/div>\n<div>\u2022Anzahl der Beg\u00fcnstigten: \u00fcber 120 Personen (etwa 15 Familien oder mehr)<\/div>\n<div>\u2022<strong>Tiefe: 60 Meter<\/strong><\/div>\n<div>\u2022 Haltbarkeit: Unbegrenzt<\/div>\n<div>\u2022 Regelm\u00e4\u00dfige Wartung: einmal alle 12 Monate, um eine stabile Leistung zu gew\u00e4hrleisten.<\/div>\n<div><\/div>\n<div>\u2e3b<\/div>\n<div><\/div>\n<div><strong>\ud83c\udf81 Ein personalisiertes Verifizierungserlebnis mit Ihrem Namen \u2728<\/strong><\/div>\n<div>\u2022Der Brunnen wird in Ihrem Namen oder im Namen der Person, der Sie das Projekt widmen, gebaut.<\/div>\n<div>\u2022 Sie erhalten detaillierte Fotos und Videos, die die Aushub- und Bauphasen dokumentieren.<\/div>\n<div>\u2022 Sie erhalten die genaue geografische Lage des Brunnens, damit Sie das Projekt selbst \u00fcberwachen k\u00f6nnen.<\/div>\n<div><\/div>\n<div>\u2e3b<\/div>\n<div><\/div>\n<div><strong>\ud83c\udf0d Trage dazu bei, etwas zu bewirken<\/strong><\/div>\n<div><\/div>\n<div><strong>In von D\u00fcrre geplagten Gegenden kann ein einziger Brunnen das Leben von Hunderten von Menschen ver\u00e4ndern.<\/strong><\/div>\n<div><strong>Mit Ihrer Spende erm\u00f6glichen Sie einem ganzen Dorf den Zugang zu sauberem Wasser \u2013 einem grundlegenden Menschenrecht.<\/strong><\/div>","protected":false},"excerpt":{"rendered":"<p><strong>Projektstandorte: Niger, Kamerun, Tschad<\/strong><br \/>\n<strong>Personen, die davon profitieren werden: 180<\/strong><br \/>\n<strong>Tiefe: 60 Meter<\/strong><br \/>\n<strong>Lebensdauer: Permanent<\/strong><br \/>\n<strong>Wartung: Alle 12 Monate<\/strong><\/p>","protected":false},"featured_media":5036,"template":"","meta":{"site-sidebar-layout":"default","site-content-layout":"","ast-site-content-layout":"default","site-content-style":"default","site-sidebar-style":"default","ast-global-header-display":"","ast-banner-title-visibility":"","ast-main-header-display":"","ast-hfb-above-header-display":"","ast-hfb-below-header-display":"","ast-hfb-mobile-header-display":"","site-post-title":"","ast-breadcrumbs-content":"","ast-featured-img":"","footer-sml-layout":"","ast-disable-related-posts":"","theme-transparent-header-meta":"default","adv-header-id-meta":"","stick-header-meta":"","header-above-stick-meta":"","header-main-stick-meta":"","header-below-stick-meta":"","astra-migrate-meta-layouts":"set","ast-page-background-enabled":"default","ast-page-background-meta":{"desktop":{"background-color":"","background-image":"","background-repeat":"repeat","background-position":"center center","background-size":"auto","background-attachment":"scroll","background-type":"","background-media":"","overlay-type":"","overlay-color":"","overlay-opacity":"","overlay-gradient":""},"tablet":{"background-color":"","background-image":"","background-repeat":"repeat","background-position":"center center","background-size":"auto","background-attachment":"scroll","background-type":"","background-media":"","overlay-type":"","overlay-color":"","overlay-opacity":"","overlay-gradient":""},"mobile":{"background-color":"","background-image":"","background-repeat":"repeat","background-position":"center center","background-size":"auto","background-attachment":"scroll","background-type":"","background-media":"","overlay-type":"","overlay-color":"","overlay-opacity":"","overlay-gradient":""}},"ast-content-background-meta":{"desktop":{"background-color":"var(--ast-global-color-5)","background-image":"","background-repeat":"repeat","background-position":"center center","background-size":"auto","background-attachment":"scroll","background-type":"","background-media":"","overlay-type":"","overlay-color":"","overlay-opacity":"","overlay-gradient":""},"tablet":{"background-color":"var(--ast-global-color-5)","background-image":"","background-repeat":"repeat","background-position":"center center","background-size":"auto","background-attachment":"scroll","background-type":"","background-media":"","overlay-type":"","overlay-color":"","overlay-opacity":"","overlay-gradient":""},"mobile":{"background-color":"var(--ast-global-color-5)","background-image":"","background-repeat":"repeat","background-position":"center center","background-size":"auto","background-attachment":"scroll","background-type":"","background-media":"","overlay-type":"","overlay-color":"","overlay-opacity":"","overlay-gradient":""}}},"product_brand":[],"product_cat":[40],"product_tag":[],"class_list":{"0":"post-3399","1":"product","2":"type-product","3":"status-publish","4":"has-post-thumbnail","6":"product_cat-40","7":"desktop-align-center","8":"tablet-align-left","9":"mobile-align-left","11":"first","12":"instock","13":"shipping-taxable","14":"product-type-external"},"_links":{"self":[{"href":"https:\/\/abarkhyr.com\/de\/wp-json\/wp\/v2\/product\/3399","targetHints":{"allow":["GET"]}}],"collection":[{"href":"https:\/\/abarkhyr.com\/de\/wp-json\/wp\/v2\/product"}],"about":[{"href":"https:\/\/abarkhyr.com\/de\/wp-json\/wp\/v2\/types\/product"}],"wp:featuredmedia":[{"embeddable":true,"href":"https:\/\/abarkhyr.com\/de\/wp-json\/wp\/v2\/media\/5036"}],"wp:attachment":[{"href":"https:\/\/abarkhyr.com\/de\/wp-json\/wp\/v2\/media?parent=3399"}],"wp:term":[{"taxonomy":"product_brand","embeddable":true,"href":"https:\/\/abarkhyr.com\/de\/wp-json\/wp\/v2\/product_brand?post=3399"},{"taxonomy":"product_cat","embeddable":true,"href":"https:\/\/abarkhyr.com\/de\/wp-json\/wp\/v2\/product_cat?post=3399"},{"taxonomy":"product_tag","embeddable":true,"href":"https:\/\/abarkhyr.com\/de\/wp-json\/wp\/v2\/product_tag?post=3399"}],"curies":[{"name":"wp","href":"https:\/\/api.w.org\/{rel}","templated":true}]}}