{"id":2962,"date":"2024-09-03T08:50:12","date_gmt":"2024-09-03T08:50:12","guid":{"rendered":"https:\/\/abarkhyr.com\/?post_type=product&#038;p=2962"},"modified":"2025-12-12T11:26:52","modified_gmt":"2025-12-12T11:26:52","slug":"wasserbrunnen-mit-elektrischer-pumpe","status":"publish","type":"product","link":"https:\/\/abarkhyr.com\/de\/product\/wasserbrunnen-mit-elektrischer-pumpe\/","title":{"rendered":"Wasserbrunnen mit elektrischer Pumpe"},"content":{"rendered":"<div><strong>Ein gro\u00dfer Brunnen mit elektrischer Pumpe \u2013 ein Wasserprojekt zur Versorgung von Wohngebieten in S\u00fcdasien<\/strong><\/div>\n<div><\/div>\n<div><strong>Dieser Brunnen ist eines unserer gr\u00f6\u00dften Projekte in S\u00fcdasien und zeichnet sich durch seine angemessenen Kosten und sein praktisches Design aus, das mehr als 50 Personen versorgt, was mindestens 5 H\u00e4usern entspricht.<\/strong><\/div>\n<div><strong>Es wird in kleinen Stadtvierteln in Indien, Nepal und Bangladesch errichtet, um kontinuierlich und unkompliziert sauberes Wasser bereitzustellen.<\/strong><\/div>\n<div><\/div>\n<div>\u2e3b<\/div>\n<div><\/div>\n<div><strong>\u2705 Projektvorteile<\/strong><\/div>\n<div>\u2022St\u00e4ndiger Zugang zu sauberem Trinkwasser<\/div>\n<div>Es versorgt die Bewohner t\u00e4glich kostenlos mit Trinkwasser und verbessert so den Gesundheitszustand und den Lebensstandard in der Region.<\/div>\n<div>\u2022 Einfach zu bedienende elektrische Pumpe<\/div>\n<div>Es erleichtert die Wassergewinnung f\u00fcr den t\u00e4glichen Gebrauch wie Trinken, Kochen und Reinigen.<\/div>\n<div>\u2022Mehrere Klicks<\/div>\n<div>Es erm\u00f6glicht mehreren Personen gleichzeitig einen schnellen und bequemen Zugang zu Wasser, ohne Wartezeiten.<\/div>\n<div>\u2022 Ersatz-Handpumpe<\/div>\n<div>Es gew\u00e4hrleistet die kontinuierliche Wasserversorgung auch im Falle eines Stromausfalls und sorgt so f\u00fcr eine ununterbrochene Wasserversorgung.<\/div>\n<div><\/div>\n<div>\u2e3b<\/div>\n<div><\/div>\n<div><strong>\ud83d\udccc Projektdetails<\/strong><\/div>\n<div>\u2022<strong>die Website<\/strong>Indien \u2013 Nepal \u2013 Bangladesch<\/div>\n<div>\u2022<strong>Anzahl der Beg\u00fcnstigten<\/strong>Ungef\u00e4hr 50 Personen<\/div>\n<div>\u2022<strong>Bohrlochtiefe<\/strong>20 Meter<\/div>\n<div>\u2022<strong>Verfallsdatum<\/strong>Mindestalter: 15-20<\/div>\n<div>\u2022<strong>routinem\u00e4\u00dfige Wartung<\/strong>: <strong> Frei <\/strong>\u00a0Um Betriebseffizienz und optimale Leistung zu gew\u00e4hrleisten<\/div>\n<div><\/div>\n<div>\u2e3b<\/div>\n<div><\/div>\n<div><strong>\ud83c\udf81 Einzigartige Dokumentation mit Ihrem Namen \u2728<\/strong><\/div>\n<div>\u2022Das Projekt wird in Ihrem Namen oder im Namen der Person durchgef\u00fchrt, der Sie diese wohlt\u00e4tige Arbeit widmen.<\/div>\n<div>\u2022Sie erhalten Fotos und Videos, die alle Bauphasen dokumentieren.<\/div>\n<div>\u2022 Sie erhalten die genaue geografische Lage des Brunnens, damit Sie die Auswirkungen Ihres Beitrags nachverfolgen k\u00f6nnen.<\/div>\n<div><\/div>\n<div>\u2e3b<\/div>\n<div><\/div>\n<div><strong>\ud83c\udf0d Mache dein Geben zu einer Quelle des Lebens<\/strong><\/div>\n<div><\/div>\n<div><strong>Ein simples Projekt, aber mit tiefgreifender Wirkung.<\/strong><\/div>\n<div><strong>Mit Ihrem Beitrag erm\u00f6glichen Sie mehr als 50 Menschen ein grundlegendes Recht im Leben: sauberes Wasser.<\/strong><\/div>","protected":false},"excerpt":{"rendered":"<p><strong>Standort: Indien \u2013 Nepal \u2013 Bangladesch<\/strong><br \/>\n<strong>Anzahl der Beg\u00fcnstigten: 50 Personen<\/strong><br \/>\n<strong>Brunnentiefe: 20 Meter<\/strong><br \/>\n<strong>Lebensdauer: Mindestens 15-20 Jahre<\/strong><br \/>\n<strong>Wartung: Kostenlos, um eine gute Leistung zu gew\u00e4hrleisten.<\/strong><\/p>","protected":false},"featured_media":5035,"template":"","meta":{"site-sidebar-layout":"default","site-content-layout":"","ast-site-content-layout":"default","site-content-style":"default","site-sidebar-style":"default","ast-global-header-display":"","ast-banner-title-visibility":"","ast-main-header-display":"","ast-hfb-above-header-display":"","ast-hfb-below-header-display":"","ast-hfb-mobile-header-display":"","site-post-title":"","ast-breadcrumbs-content":"","ast-featured-img":"","footer-sml-layout":"","ast-disable-related-posts":"","theme-transparent-header-meta":"default","adv-header-id-meta":"","stick-header-meta":"","header-above-stick-meta":"","header-main-stick-meta":"","header-below-stick-meta":"","astra-migrate-meta-layouts":"set","ast-page-background-enabled":"default","ast-page-background-meta":{"desktop":{"background-color":"","background-image":"","background-repeat":"repeat","background-position":"center center","background-size":"auto","background-attachment":"scroll","background-type":"","background-media":"","overlay-type":"","overlay-color":"","overlay-opacity":"","overlay-gradient":""},"tablet":{"background-color":"","background-image":"","background-repeat":"repeat","background-position":"center center","background-size":"auto","background-attachment":"scroll","background-type":"","background-media":"","overlay-type":"","overlay-color":"","overlay-opacity":"","overlay-gradient":""},"mobile":{"background-color":"","background-image":"","background-repeat":"repeat","background-position":"center center","background-size":"auto","background-attachment":"scroll","background-type":"","background-media":"","overlay-type":"","overlay-color":"","overlay-opacity":"","overlay-gradient":""}},"ast-content-background-meta":{"desktop":{"background-color":"var(--ast-global-color-5)","background-image":"","background-repeat":"repeat","background-position":"center center","background-size":"auto","background-attachment":"scroll","background-type":"","background-media":"","overlay-type":"","overlay-color":"","overlay-opacity":"","overlay-gradient":""},"tablet":{"background-color":"var(--ast-global-color-5)","background-image":"","background-repeat":"repeat","background-position":"center center","background-size":"auto","background-attachment":"scroll","background-type":"","background-media":"","overlay-type":"","overlay-color":"","overlay-opacity":"","overlay-gradient":""},"mobile":{"background-color":"var(--ast-global-color-5)","background-image":"","background-repeat":"repeat","background-position":"center center","background-size":"auto","background-attachment":"scroll","background-type":"","background-media":"","overlay-type":"","overlay-color":"","overlay-opacity":"","overlay-gradient":""}}},"product_brand":[],"product_cat":[40],"product_tag":[],"class_list":{"0":"post-2962","1":"product","2":"type-product","3":"status-publish","4":"has-post-thumbnail","6":"product_cat-40","7":"desktop-align-center","8":"tablet-align-left","9":"mobile-align-left","11":"first","12":"instock","13":"shipping-taxable","14":"product-type-external"},"_links":{"self":[{"href":"https:\/\/abarkhyr.com\/de\/wp-json\/wp\/v2\/product\/2962","targetHints":{"allow":["GET"]}}],"collection":[{"href":"https:\/\/abarkhyr.com\/de\/wp-json\/wp\/v2\/product"}],"about":[{"href":"https:\/\/abarkhyr.com\/de\/wp-json\/wp\/v2\/types\/product"}],"wp:featuredmedia":[{"embeddable":true,"href":"https:\/\/abarkhyr.com\/de\/wp-json\/wp\/v2\/media\/5035"}],"wp:attachment":[{"href":"https:\/\/abarkhyr.com\/de\/wp-json\/wp\/v2\/media?parent=2962"}],"wp:term":[{"taxonomy":"product_brand","embeddable":true,"href":"https:\/\/abarkhyr.com\/de\/wp-json\/wp\/v2\/product_brand?post=2962"},{"taxonomy":"product_cat","embeddable":true,"href":"https:\/\/abarkhyr.com\/de\/wp-json\/wp\/v2\/product_cat?post=2962"},{"taxonomy":"product_tag","embeddable":true,"href":"https:\/\/abarkhyr.com\/de\/wp-json\/wp\/v2\/product_tag?post=2962"}],"curies":[{"name":"wp","href":"https:\/\/api.w.org\/{rel}","templated":true}]}}