{"id":2856,"date":"2024-08-31T14:32:42","date_gmt":"2024-08-31T14:32:42","guid":{"rendered":"https:\/\/abarkhyr.com\/?post_type=product&#038;p=2856"},"modified":"2025-12-12T11:34:27","modified_gmt":"2025-12-12T11:34:27","slug":"wasserbrunnen-mit-handpumpe","status":"publish","type":"product","link":"https:\/\/abarkhyr.com\/de\/product\/wasserbrunnen-mit-handpumpe\/","title":{"rendered":"manueller Flachbrunnen"},"content":{"rendered":"<div><strong>\ud83d\udca7 Manueller Brunnen \u2013 eines unserer gefragtesten Projekte in Indien, Nepal und Bangladesch<\/strong><\/div>\n<div><\/div>\n<div><strong>Der manuelle Brunnen ist eines der erfolgreichsten und bekanntesten Wasserprojekte in S\u00fcdasien und versorgt bis zu 22 Personen (2\u20133 Familien). Er zeichnet sich durch seine geringen Kosten und die schnelle Fertigstellung aus und ist daher die ideale Wahl f\u00fcr alle, die einen direkten und nachhaltigen humanit\u00e4ren Beitrag leisten m\u00f6chten.<\/strong><\/div>\n<div><\/div>\n<div><strong>\u2705 Warum dieser Brunnen?<\/strong><\/div>\n<div>\u2022 Eine saubere und kontinuierliche Wasserquelle<\/div>\n<div>Der Brunnen liefert Wasser, das f\u00fcr den t\u00e4glichen Gebrauch wie Trinken, Kochen, Reinigen und die pers\u00f6nliche Hygiene geeignet ist und somit zur Verbesserung der Lebensqualit\u00e4t der beg\u00fcnstigten Familien beitr\u00e4gt.<\/div>\n<div>\u2022 Handpumpe \u2013 kein Stromanschluss erforderlich<\/div>\n<div>Ausgestattet mit einer einfach zu bedienenden Handpumpe, die keinen Stromanschluss ben\u00f6tigt, ist sie ideal f\u00fcr abgelegene Gebiete oder Regionen, die h\u00e4ufig unter Stromausf\u00e4llen leiden.<\/div>\n<div>\u2022 Kosteng\u00fcnstige manuelle Konstruktion<\/div>\n<div>Aushub und Bauarbeiten erfolgen manuell, ohne den Einsatz von schwerem Ger\u00e4t oder teurer Technologie. Dadurch kann das Projekt zu einem erschwinglichen Preis angeboten werden, ohne dass die Qualit\u00e4t darunter leidet.<\/div>\n<div><\/div>\n<div>\u2e3b<\/div>\n<div><\/div>\n<div><strong>\ud83d\udccc Projektdetails<\/strong><\/div>\n<div>\u2022Standort: Indien \u2013 Nepal \u2013 Bangladesch<\/div>\n<div>\u2022 Anzahl der Beg\u00fcnstigten: Bis zu 22 Personen<\/div>\n<div>\u2022Brunnentiefe: 25 Meter<\/div>\n<div>\u2022 Haltbarkeit: 15\u201320 Jahre (durch Wartung verl\u00e4ngerbar)<\/div>\n<div>\u2022 Regelm\u00e4\u00dfige Wartung: Kostenlos, um eine optimale Leistung zu gew\u00e4hrleisten<\/div>\n<div><\/div>\n<div>\u2e3b<\/div>\n<div><\/div>\n<div><strong>\ud83c\udf81 Was erh\u00e4lt man f\u00fcr eine Spende?<\/strong><\/div>\n<div>\u2022 Einzigartige Dokumentation in Ihrem Namen oder im Namen der Person, der Sie das Projekt widmen.<\/div>\n<div>Sie erhalten Fotos und Videos, die die einzelnen Phasen der Brunnenbohrung von Anfang bis Ende dokumentieren, inklusive der genauen geografischen Angabe, damit Sie das Projekt selbst verfolgen k\u00f6nnen.<\/div>\n<div><\/div>\n<div>\u2e3b<\/div>\n<div><\/div>\n<div><strong>\ud83c\udf0d Ein nachhaltiger Eindruck\u2026 in Ihren H\u00e4nden<\/strong><\/div>\n<div><\/div>\n<div><strong>Mit Ihrer Unterst\u00fctzung dieses Projekts tragen Sie dazu bei, das Leben ganzer Familien zu verbessern und ihnen ein grundlegendes Recht auf ein menschenw\u00fcrdiges Leben zu erm\u00f6glichen: Zugang zu sauberem und sicherem Wasser.<\/strong><\/div>\n<div><strong>Ein einziger Brunnen kann einen gro\u00dfen Unterschied machen.<\/strong><\/div>","protected":false},"excerpt":{"rendered":"<p><strong>Standort: Indien \u2013 Nepal \u2013 Bangladesch<br \/>\nAnzahl der Beg\u00fcnstigten: 22 Personen<br \/>\nBrunnentiefe: 25 Meter<br \/>\nLebensdauer: Mindestens 15-20 Jahre<br \/>\nWartung: Kostenlos, um eine dauerhafte Leistungsf\u00e4higkeit zu gew\u00e4hrleisten.<\/strong><\/p>","protected":false},"featured_media":5040,"template":"","meta":{"site-sidebar-layout":"default","site-content-layout":"","ast-site-content-layout":"default","site-content-style":"default","site-sidebar-style":"default","ast-global-header-display":"","ast-banner-title-visibility":"","ast-main-header-display":"","ast-hfb-above-header-display":"","ast-hfb-below-header-display":"","ast-hfb-mobile-header-display":"","site-post-title":"","ast-breadcrumbs-content":"","ast-featured-img":"","footer-sml-layout":"","ast-disable-related-posts":"","theme-transparent-header-meta":"default","adv-header-id-meta":"","stick-header-meta":"","header-above-stick-meta":"","header-main-stick-meta":"","header-below-stick-meta":"","astra-migrate-meta-layouts":"set","ast-page-background-enabled":"default","ast-page-background-meta":{"desktop":{"background-color":"","background-image":"","background-repeat":"repeat","background-position":"center center","background-size":"auto","background-attachment":"scroll","background-type":"","background-media":"","overlay-type":"","overlay-color":"","overlay-opacity":"","overlay-gradient":""},"tablet":{"background-color":"","background-image":"","background-repeat":"repeat","background-position":"center center","background-size":"auto","background-attachment":"scroll","background-type":"","background-media":"","overlay-type":"","overlay-color":"","overlay-opacity":"","overlay-gradient":""},"mobile":{"background-color":"","background-image":"","background-repeat":"repeat","background-position":"center center","background-size":"auto","background-attachment":"scroll","background-type":"","background-media":"","overlay-type":"","overlay-color":"","overlay-opacity":"","overlay-gradient":""}},"ast-content-background-meta":{"desktop":{"background-color":"var(--ast-global-color-5)","background-image":"","background-repeat":"repeat","background-position":"center center","background-size":"auto","background-attachment":"scroll","background-type":"","background-media":"","overlay-type":"","overlay-color":"","overlay-opacity":"","overlay-gradient":""},"tablet":{"background-color":"var(--ast-global-color-5)","background-image":"","background-repeat":"repeat","background-position":"center center","background-size":"auto","background-attachment":"scroll","background-type":"","background-media":"","overlay-type":"","overlay-color":"","overlay-opacity":"","overlay-gradient":""},"mobile":{"background-color":"var(--ast-global-color-5)","background-image":"","background-repeat":"repeat","background-position":"center center","background-size":"auto","background-attachment":"scroll","background-type":"","background-media":"","overlay-type":"","overlay-color":"","overlay-opacity":"","overlay-gradient":""}}},"product_brand":[],"product_cat":[40],"product_tag":[],"class_list":{"0":"post-2856","1":"product","2":"type-product","3":"status-publish","4":"has-post-thumbnail","6":"product_cat-40","7":"desktop-align-center","8":"tablet-align-left","9":"mobile-align-left","11":"first","12":"instock","13":"shipping-taxable","14":"product-type-external"},"_links":{"self":[{"href":"https:\/\/abarkhyr.com\/de\/wp-json\/wp\/v2\/product\/2856","targetHints":{"allow":["GET"]}}],"collection":[{"href":"https:\/\/abarkhyr.com\/de\/wp-json\/wp\/v2\/product"}],"about":[{"href":"https:\/\/abarkhyr.com\/de\/wp-json\/wp\/v2\/types\/product"}],"wp:featuredmedia":[{"embeddable":true,"href":"https:\/\/abarkhyr.com\/de\/wp-json\/wp\/v2\/media\/5040"}],"wp:attachment":[{"href":"https:\/\/abarkhyr.com\/de\/wp-json\/wp\/v2\/media?parent=2856"}],"wp:term":[{"taxonomy":"product_brand","embeddable":true,"href":"https:\/\/abarkhyr.com\/de\/wp-json\/wp\/v2\/product_brand?post=2856"},{"taxonomy":"product_cat","embeddable":true,"href":"https:\/\/abarkhyr.com\/de\/wp-json\/wp\/v2\/product_cat?post=2856"},{"taxonomy":"product_tag","embeddable":true,"href":"https:\/\/abarkhyr.com\/de\/wp-json\/wp\/v2\/product_tag?post=2856"}],"curies":[{"name":"wp","href":"https:\/\/api.w.org\/{rel}","templated":true}]}}